{"id":5224,"date":"2016-11-10T11:31:27","date_gmt":"2016-11-10T10:31:27","guid":{"rendered":"https:\/\/www.acetaiavillabianca.com\/negozio\/combo-%e2%80%a2-2-confezioni-di-a-b-t-m-tradizionale-di-modena-d-o-p-12-anni-1-confezione-di-a-b-t-m-d-o-p-25-anni-tovaglietta\/"},"modified":"2023-11-15T09:29:33","modified_gmt":"2023-11-15T08:29:33","slug":"combo-%e2%80%a2-2-confezioni-di-a-b-t-m-tradizionale-di-modena-d-o-p-12-anni-1-confezione-di-a-b-t-m-d-o-p-25-anni-tovaglietta","status":"publish","type":"product","link":"https:\/\/www.acetaiavillabianca.com\/fr\/negozio\/combo-%e2%80%a2-2-confezioni-di-a-b-t-m-tradizionale-di-modena-d-o-p-12-anni-1-confezione-di-a-b-t-m-d-o-p-25-anni-tovaglietta\/","title":{"rendered":"\u00a0\u00bbCombo\u00a0\u00bb \u2022 2 bouteilles de V.B.T.M. de Mod\u00e8ne a.o.p. 12 ans + 1 bouteilles de V.B.T.M. a.o.p. 25 ans + Set de table"},"content":{"rendered":"<p><\/p>\n<p><img decoding=\"async\" src=\"http:\/\/www.acetaiavillabianca.com\/wp-content\/uploads\/2015\/11\/ima_prodotti_a-e3.jpg\" alt=\"COMBO\" \/><\/p>\n<p><strong>\u201cCOMBO\u201d<\/strong> \u2013 Deux bouteilles de Vinaigre Balsamique Traditionnel de Mod\u00e8ne A.O.P. (Appellation d&rsquo;Origine Prot\u00e9g\u00e9e) Extravecchio \u2014 minimum 12 ans de vieillissement &amp; une bouteille de Vinaigre Balsamique Traditionnel de Mod\u00e8ne A.O.P. (Appellation d&rsquo;Origine Prot\u00e9g\u00e9e) \u00ab Affinato \u00bb \u2014 minimum 25 ans de vieillissement. La bouteille de 100 ml avec le bouchon verseur, le livret avec les recettes et les conseils, sont contenus dans un coffret dessin\u00e9 par Giugiaro.<\/p>\n<p><b>Set de Table <\/b>&#8211; Notre set de Table racconte l\u2019histoire du VBTM! Le Set de Table mesure 38 x 52 cm.<\/p>\n<p><img loading=\"lazy\" decoding=\"async\" class=\"alignnone size-medium wp-image-5222\" src=\"https:\/\/www.acetaiavillabianca.com\/wp-content\/uploads\/2016\/11\/Def_Rosso5-980x703.jpg\" alt=\"def_rosso5\" width=\"980\" height=\"703\" srcset=\"https:\/\/www.acetaiavillabianca.com\/wp-content\/uploads\/2016\/11\/Def_Rosso5-980x703.jpg 980w, https:\/\/www.acetaiavillabianca.com\/wp-content\/uploads\/2016\/11\/Def_Rosso5-768x551.jpg 768w, https:\/\/www.acetaiavillabianca.com\/wp-content\/uploads\/2016\/11\/Def_Rosso5-1650x1184.jpg 1650w\" sizes=\"auto, (max-width: 980px) 100vw, 980px\" \/><\/p>\n<p><\/p>","protected":false},"excerpt":{"rendered":"<p><b>LIVRAISON GRATUITE JUSQU&#039;AU 5 D\u00c9CEMBRE<\/b><\/p>\n","protected":false},"featured_media":5213,"template":"","meta":[],"product_brand":[],"product_cat":[99],"product_tag":[],"class_list":{"0":"post-5224","1":"product","2":"type-product","3":"status-publish","4":"has-post-thumbnail","6":"product_cat-offerte-natalize","7":"product_shipping_class-free","9":"first","10":"instock","11":"sale","12":"virtual","13":"taxable","14":"purchasable","15":"product-type-simple"},"_links":{"self":[{"href":"https:\/\/www.acetaiavillabianca.com\/fr\/wp-json\/wp\/v2\/product\/5224","targetHints":{"allow":["GET"]}}],"collection":[{"href":"https:\/\/www.acetaiavillabianca.com\/fr\/wp-json\/wp\/v2\/product"}],"about":[{"href":"https:\/\/www.acetaiavillabianca.com\/fr\/wp-json\/wp\/v2\/types\/product"}],"wp:featuredmedia":[{"embeddable":true,"href":"https:\/\/www.acetaiavillabianca.com\/fr\/wp-json\/wp\/v2\/media\/5213"}],"wp:attachment":[{"href":"https:\/\/www.acetaiavillabianca.com\/fr\/wp-json\/wp\/v2\/media?parent=5224"}],"wp:term":[{"taxonomy":"product_brand","embeddable":true,"href":"https:\/\/www.acetaiavillabianca.com\/fr\/wp-json\/wp\/v2\/product_brand?post=5224"},{"taxonomy":"product_cat","embeddable":true,"href":"https:\/\/www.acetaiavillabianca.com\/fr\/wp-json\/wp\/v2\/product_cat?post=5224"},{"taxonomy":"product_tag","embeddable":true,"href":"https:\/\/www.acetaiavillabianca.com\/fr\/wp-json\/wp\/v2\/product_tag?post=5224"}],"curies":[{"name":"wp","href":"https:\/\/api.w.org\/{rel}","templated":true}]}}