{"id":5153,"date":"2016-10-18T23:08:07","date_gmt":"2016-10-18T21:08:07","guid":{"rendered":"https:\/\/www.acetaiavillabianca.com\/negozio\/coppia-mista-%e2%80%a2-1-confezione-di-aceto-balsamico-tradizionale-di-modena-d-o-p-12-anni-1-confezione-di-aceto-balsamico-tradizionale-di-modena-d-o-p-25-anni\/"},"modified":"2023-11-15T09:30:24","modified_gmt":"2023-11-15T08:30:24","slug":"coppia-mista-%e2%80%a2-1-confezione-di-aceto-balsamico-tradizionale-di-modena-d-o-p-12-anni-1-confezione-di-aceto-balsamico-tradizionale-di-modena-d-o-p-25-anni","status":"publish","type":"product","link":"https:\/\/www.acetaiavillabianca.com\/fr\/negozio\/coppia-mista-%e2%80%a2-1-confezione-di-aceto-balsamico-tradizionale-di-modena-d-o-p-12-anni-1-confezione-di-aceto-balsamico-tradizionale-di-modena-d-o-p-25-anni\/","title":{"rendered":"\u00a0\u00bbCouple Mixte\u00a0\u00bb \u2022 1 bouteille de V.B.T.M. a.o.p. 12 ans + 1 bouteille de V.B.T.M. a.o.p. 25 ans"},"content":{"rendered":"<p><\/p>\n<p><img loading=\"lazy\" decoding=\"async\" class=\"alignnone size-full wp-image-5157\" src=\"https:\/\/www.acetaiavillabianca.com\/wp-content\/uploads\/2016\/10\/combo_descrizione_prodotto_v-ev_930.jpg\" alt=\"combo_descrizione_prodotto_v-ev_930\" width=\"930\" height=\"300\" srcset=\"https:\/\/www.acetaiavillabianca.com\/wp-content\/uploads\/2016\/10\/combo_descrizione_prodotto_v-ev_930.jpg 930w, https:\/\/www.acetaiavillabianca.com\/wp-content\/uploads\/2016\/10\/combo_descrizione_prodotto_v-ev_930-768x248.jpg 768w\" sizes=\"auto, (max-width: 930px) 100vw, 930px\" \/><\/p>\n<p><strong>\u00abCouple Mixte\u00bb<\/strong> \u2013 Une bouteille de Vinaigre Balsamique Traditionnel de Mod\u00e8ne A.O.P. (Appellation d&rsquo;Origine Prot\u00e9g\u00e9e) Extravecchio \u2014 minimum 12 ans de vieillissement &amp; une bouteille de Vinaigre Balsamique Traditionnel de Mod\u00e8ne A.O.P. (Appellation d&rsquo;Origine Prot\u00e9g\u00e9e) \u00ab Affinato \u00bb \u2014 minimum 25 ans de vieillissement. La bouteille de 100 ml avec le bouchon verseur, le livret avec les recettes et les conseils, sont contenus dans un coffret dessin\u00e9 par Giugiaro.<\/p>\n<p><img decoding=\"async\" src=\"http:\/\/www.acetaiavillabianca.com\/wp-content\/uploads\/2015\/11\/ima_prodotti_ricette_25-12anni.jpg\" alt=\"COMBO\" \/><\/p>\n<p><\/p>","protected":false},"excerpt":{"rendered":"<p><b>LIVRAISON GRATUITE JUSQU&#039;AU 5 D\u00c9CEMBRE<\/b><\/p>\n","protected":false},"featured_media":5158,"template":"","meta":[],"product_brand":[],"product_cat":[99],"product_tag":[],"class_list":{"0":"post-5153","1":"product","2":"type-product","3":"status-publish","4":"has-post-thumbnail","6":"product_cat-offerte-natalize","7":"product_shipping_class-free","9":"first","10":"instock","11":"virtual","12":"taxable","13":"purchasable","14":"product-type-simple"},"_links":{"self":[{"href":"https:\/\/www.acetaiavillabianca.com\/fr\/wp-json\/wp\/v2\/product\/5153","targetHints":{"allow":["GET"]}}],"collection":[{"href":"https:\/\/www.acetaiavillabianca.com\/fr\/wp-json\/wp\/v2\/product"}],"about":[{"href":"https:\/\/www.acetaiavillabianca.com\/fr\/wp-json\/wp\/v2\/types\/product"}],"wp:featuredmedia":[{"embeddable":true,"href":"https:\/\/www.acetaiavillabianca.com\/fr\/wp-json\/wp\/v2\/media\/5158"}],"wp:attachment":[{"href":"https:\/\/www.acetaiavillabianca.com\/fr\/wp-json\/wp\/v2\/media?parent=5153"}],"wp:term":[{"taxonomy":"product_brand","embeddable":true,"href":"https:\/\/www.acetaiavillabianca.com\/fr\/wp-json\/wp\/v2\/product_brand?post=5153"},{"taxonomy":"product_cat","embeddable":true,"href":"https:\/\/www.acetaiavillabianca.com\/fr\/wp-json\/wp\/v2\/product_cat?post=5153"},{"taxonomy":"product_tag","embeddable":true,"href":"https:\/\/www.acetaiavillabianca.com\/fr\/wp-json\/wp\/v2\/product_tag?post=5153"}],"curies":[{"name":"wp","href":"https:\/\/api.w.org\/{rel}","templated":true}]}}