{"id":41,"date":"2013-02-20T18:02:07","date_gmt":"2013-02-20T17:02:07","guid":{"rendered":"http:\/\/www.acetaiavillabianca.com\/?page_id=41"},"modified":"2018-12-04T09:38:44","modified_gmt":"2018-12-04T08:38:44","slug":"contatti","status":"publish","type":"page","link":"https:\/\/www.acetaiavillabianca.com\/fr\/contatti\/","title":{"rendered":"On vous attend!"},"content":{"rendered":"<p><\/p>\n<p><strong>Nous vous proposons des visites toute l&rsquo;ann\u00e9\u00a0sur r\u00e9servation.\u00a0<\/strong>Ecrivez ou appelez-nous\u00a0pour organiser votre visite!\u00a0Nous nous engageons \u00e0 ne pas inonder de courriels votre boite \u00e9lectronique et \u00e0 vous envoyer de temps en temps nos actualit\u00e9s, nos promotions et recettes, alors\u00a0<a href=\"http:\/\/acetaiavillabianca.us6.list-manage.com\/subscribe?u=3a3dcafd9c7aac8d8c6440968&amp;id=4c562bdb3e\" target=\"_blank\">inscrivez-vous!<\/a><\/p>\n<p style=\"text-align: left\"><b>Antica Acetaia Villa Bianca<\/b><br \/><a href=\"http:\/\/goo.gl\/maps\/lbRuJ\" target=\"_blank\">Via Scartazza 115, 41126 San Damaso (Modena)<\/a> <br \/>Tel. <strong>0039 <\/strong><b>335 7320640 \u2014<\/b> <strong>0039 <\/strong><b>059 468571<\/b><br \/> <a href=\"mailto:info@acetaiavillabianca.com\" target=\"_blank\">info@acetaiavillabianca.com<br \/><\/a><\/p>\n\n<div class=\"wpcf7 no-js\" id=\"wpcf7-f2339-o2\" lang=\"fr-FR\" dir=\"ltr\" data-wpcf7-id=\"2339\">\n<div class=\"screen-reader-response\"><p role=\"status\" aria-live=\"polite\" aria-atomic=\"true\"><\/p> <ul><\/ul><\/div>\n<form action=\"\/fr\/wp-json\/wp\/v2\/pages\/41#wpcf7-f2339-o2\" method=\"post\" class=\"wpcf7-form init\" aria-label=\"Formulaire de contact\" novalidate=\"novalidate\" data-status=\"init\">\n<fieldset class=\"hidden-fields-container\"><input type=\"hidden\" name=\"_wpcf7\" value=\"2339\" \/><input type=\"hidden\" name=\"_wpcf7_version\" value=\"6.1.2\" \/><input type=\"hidden\" name=\"_wpcf7_locale\" value=\"fr_FR\" \/><input type=\"hidden\" name=\"_wpcf7_unit_tag\" value=\"wpcf7-f2339-o2\" \/><input type=\"hidden\" name=\"_wpcf7_container_post\" value=\"0\" \/><input type=\"hidden\" name=\"_wpcf7_posted_data_hash\" value=\"\" \/>\n<\/fieldset>\n<p><b>Votre nom<\/b><em>(obligatoire)<\/em>\n<\/p>\n<p><span class=\"wpcf7-form-control-wrap\" data-name=\"your-name\"><input size=\"40\" maxlength=\"400\" class=\"wpcf7-form-control wpcf7-text wpcf7-validates-as-required\" aria-required=\"true\" aria-invalid=\"false\" value=\"\" type=\"text\" name=\"your-name\" \/><\/span>\n<\/p>\n<p><b>Votre email<\/b><em>(obligatoire)<\/em>\n<\/p>\n<p><span class=\"wpcf7-form-control-wrap\" data-name=\"your-email\"><input size=\"40\" maxlength=\"400\" class=\"wpcf7-form-control wpcf7-email wpcf7-validates-as-required wpcf7-text wpcf7-validates-as-email\" aria-required=\"true\" aria-invalid=\"false\" value=\"\" type=\"email\" name=\"your-email\" \/><\/span>\n<\/p>\n<p>Sujet\n<\/p>\n<p><span class=\"wpcf7-form-control-wrap\" data-name=\"your-subject\"><input size=\"40\" maxlength=\"400\" class=\"wpcf7-form-control wpcf7-text\" aria-invalid=\"false\" value=\"\" type=\"text\" name=\"your-subject\" \/><\/span>\n<\/p>\n<p>Votre message\n<\/p>\n<p><span class=\"wpcf7-form-control-wrap\" data-name=\"your-message\"><textarea cols=\"40\" rows=\"10\" maxlength=\"2000\" class=\"wpcf7-form-control wpcf7-textarea\" aria-invalid=\"false\" name=\"your-message\"><\/textarea><\/span>\n<\/p>\n<p>J'accepte les<a href=\"http:\/\/www.acetaiavillabianca.com\/privacy\/\" target=\"_blank\">conditions g\u00e9n\u00e9rales<\/a>\n<\/p>\n<p><span class=\"wpcf7-form-control-wrap\" data-name=\"acceptance-269\"><span class=\"wpcf7-form-control wpcf7-acceptance\"><span class=\"wpcf7-list-item\"><input type=\"checkbox\" name=\"acceptance-269\" value=\"1\" aria-invalid=\"false\" \/><\/span><\/span><\/span>\n<\/p>\n<p><label class=\"acaptcha\" for=\"your-captcha\"><em>Captcha <\/em> <input type=\"hidden\" name=\"_wpcf7_captcha_challenge_your-captcha\" value=\"617670935\" \/><img loading=\"lazy\" decoding=\"async\" class=\"wpcf7-form-control wpcf7-captchac wpcf7-captcha-your-captcha\" width=\"84\" height=\"28\" alt=\"captcha\" src=\"https:\/\/www.acetaiavillabianca.com\/wp-content\/uploads\/wpcf7_captcha\/617670935.png\" \/><\/label><br \/>\n<span class=\"wpcf7-form-control-wrap\" data-name=\"your-captcha\"><input size=\"40\" class=\"wpcf7-form-control wpcf7-captchar\" autocomplete=\"off\" aria-invalid=\"false\" value=\"\" type=\"text\" name=\"your-captcha\" \/><\/span>\n<\/p>\n<p><input class=\"wpcf7-form-control wpcf7-submit has-spinner\" type=\"submit\" value=\"Envoyer\" \/>\n<\/p><div class=\"wpcf7-response-output\" aria-hidden=\"true\"><\/div>\n<\/form>\n<\/div>\n\n<p><\/p>","protected":false},"excerpt":{"rendered":"<p>Nous vous proposons des visites toute l&rsquo;ann\u00e9\u00a0sur r\u00e9servation.\u00a0Ecrivez ou appelez-nous\u00a0pour organiser votre visite!\u00a0Nous nous engageons \u00e0 ne pas inonder de courriels votre boite \u00e9lectronique et \u00e0 vous envoyer de temps en temps nos actualit\u00e9s, nos promotions et recettes, alors\u00a0inscrivez-vous! Antica Acetaia Villa BiancaVia Scartazza 115, 41126 San Damaso (Modena) Tel. 0039 335 7320640 \u2014 0039 [&hellip;]<\/p>\n","protected":false},"author":2,"featured_media":0,"parent":0,"menu_order":0,"comment_status":"open","ping_status":"closed","template":"page-contatti.php","meta":{"footnotes":""},"class_list":["post-41","page","type-page","status-publish","hentry"],"_links":{"self":[{"href":"https:\/\/www.acetaiavillabianca.com\/fr\/wp-json\/wp\/v2\/pages\/41","targetHints":{"allow":["GET"]}}],"collection":[{"href":"https:\/\/www.acetaiavillabianca.com\/fr\/wp-json\/wp\/v2\/pages"}],"about":[{"href":"https:\/\/www.acetaiavillabianca.com\/fr\/wp-json\/wp\/v2\/types\/page"}],"author":[{"embeddable":true,"href":"https:\/\/www.acetaiavillabianca.com\/fr\/wp-json\/wp\/v2\/users\/2"}],"replies":[{"embeddable":true,"href":"https:\/\/www.acetaiavillabianca.com\/fr\/wp-json\/wp\/v2\/comments?post=41"}],"version-history":[{"count":23,"href":"https:\/\/www.acetaiavillabianca.com\/fr\/wp-json\/wp\/v2\/pages\/41\/revisions"}],"predecessor-version":[{"id":6017,"href":"https:\/\/www.acetaiavillabianca.com\/fr\/wp-json\/wp\/v2\/pages\/41\/revisions\/6017"}],"wp:attachment":[{"href":"https:\/\/www.acetaiavillabianca.com\/fr\/wp-json\/wp\/v2\/media?parent=41"}],"curies":[{"name":"wp","href":"https:\/\/api.w.org\/{rel}","templated":true}]}}