{"id":35,"date":"2013-02-20T17:55:20","date_gmt":"2013-02-20T16:55:20","guid":{"rendered":"http:\/\/www.acetaiavillabianca.com\/?page_id=35"},"modified":"2019-12-28T22:48:24","modified_gmt":"2019-12-28T21:48:24","slug":"aceto-balsamico-tradizionale-di-modena-dop","status":"publish","type":"page","link":"https:\/\/www.acetaiavillabianca.com\/fr\/aceto-balsamico-tradizionale-di-modena-dop\/","title":{"rendered":"Vinaigre Balsamique Traditionnel de Mod\u00e8ne"},"content":{"rendered":"<p><\/p>\n<p><strong>Antica Acetaia Villa Bianca<\/strong>\u00a0produit exclusivement l&rsquo;Aceto Balsamico tradizionale di Modena\u00a0 (A.O.P., Appellation d&rsquo;Origine Prot\u00e9g\u00e9e)\u00a0dans les deux typologies pr\u00e9vues par la loi: le minimum 12 ans d&rsquo;\u00e2ge pour l&rsquo;une et le minimum 25 ans d&rsquo;\u00e2ge pour l&rsquo;autre. La petite bouteille, le livret avec les recettes et conseilles est contenue dans un \u00e9l\u00e9gant coffret. (giugiaro design)<\/p>\n<p><div id=\"attachment_232\" style=\"width: 2602px\" class=\"wp-caption aligncenter\"><img loading=\"lazy\" decoding=\"async\" aria-describedby=\"caption-attachment-232\" class=\"size-full wp-image-232 \" src=\"http:\/\/www.acetaiavillabianca.com\/wp-content\/uploads\/2013\/02\/vigna04.jpg\" alt=\"The vineyard surrounds Villa Bianca\" width=\"2592\" height=\"1944\" srcset=\"https:\/\/www.acetaiavillabianca.com\/wp-content\/uploads\/2013\/02\/vigna04.jpg 2592w, https:\/\/www.acetaiavillabianca.com\/wp-content\/uploads\/2013\/02\/vigna04-980x735.jpg 980w, https:\/\/www.acetaiavillabianca.com\/wp-content\/uploads\/2013\/02\/vigna04-1650x1237.jpg 1650w\" sizes=\"auto, (max-width: 2592px) 100vw, 2592px\" \/><p id=\"caption-attachment-232\" class=\"wp-caption-text\">The vineyard surrounds Villa Bianca<\/p><\/div><\/p>","protected":false},"excerpt":{"rendered":"<p>Antica Acetaia Villa Bianca\u00a0produit exclusivement l&rsquo;Aceto Balsamico tradizionale di Modena\u00a0 (A.O.P., Appellation d&rsquo;Origine Prot\u00e9g\u00e9e)\u00a0dans les deux typologies pr\u00e9vues par la loi: le minimum 12 ans d&rsquo;\u00e2ge pour l&rsquo;une et le minimum 25 ans d&rsquo;\u00e2ge pour l&rsquo;autre. La petite bouteille, le livret avec les recettes et conseilles est contenue dans un \u00e9l\u00e9gant coffret. (giugiaro design)<\/p>\n","protected":false},"author":2,"featured_media":0,"parent":0,"menu_order":0,"comment_status":"open","ping_status":"closed","template":"page-acetaia.php","meta":{"footnotes":""},"class_list":["post-35","page","type-page","status-publish","hentry"],"_links":{"self":[{"href":"https:\/\/www.acetaiavillabianca.com\/fr\/wp-json\/wp\/v2\/pages\/35","targetHints":{"allow":["GET"]}}],"collection":[{"href":"https:\/\/www.acetaiavillabianca.com\/fr\/wp-json\/wp\/v2\/pages"}],"about":[{"href":"https:\/\/www.acetaiavillabianca.com\/fr\/wp-json\/wp\/v2\/types\/page"}],"author":[{"embeddable":true,"href":"https:\/\/www.acetaiavillabianca.com\/fr\/wp-json\/wp\/v2\/users\/2"}],"replies":[{"embeddable":true,"href":"https:\/\/www.acetaiavillabianca.com\/fr\/wp-json\/wp\/v2\/comments?post=35"}],"version-history":[{"count":22,"href":"https:\/\/www.acetaiavillabianca.com\/fr\/wp-json\/wp\/v2\/pages\/35\/revisions"}],"predecessor-version":[{"id":6176,"href":"https:\/\/www.acetaiavillabianca.com\/fr\/wp-json\/wp\/v2\/pages\/35\/revisions\/6176"}],"wp:attachment":[{"href":"https:\/\/www.acetaiavillabianca.com\/fr\/wp-json\/wp\/v2\/media?parent=35"}],"curies":[{"name":"wp","href":"https:\/\/api.w.org\/{rel}","templated":true}]}}