{"id":27,"date":"2013-02-20T17:33:45","date_gmt":"2013-02-20T16:33:45","guid":{"rendered":"http:\/\/www.acetaiavillabianca.com\/?page_id=27"},"modified":"2014-12-04T10:42:31","modified_gmt":"2014-12-04T09:42:31","slug":"acetaia-villa-bianca","status":"publish","type":"page","link":"https:\/\/www.acetaiavillabianca.com\/fr\/acetaia-villa-bianca\/","title":{"rendered":"Antica Acetaia Villa Bianca"},"content":{"rendered":"<p><\/p>\n<p><strong>Antica Acetaia Villa Bianca<\/strong>\u00a0situ\u00e9 dans un lieu privil\u00e9gi\u00e9 pour la production et l&rsquo;affinage du Vinaigre Balsamique Traditionnel de Mod\u00e8ne, l&rsquo;Antica Acetaia di Villa Bianca conserve jalousement, dans les pr\u00e9cieux tonneaux de famille, le r\u00e9cit passionn\u00e9 du rite d&rsquo;autrefois.<\/p>\n<p><div id=\"attachment_627\" style=\"width: 990px\" class=\"wp-caption aligncenter\"><img loading=\"lazy\" decoding=\"async\" aria-describedby=\"caption-attachment-627\" class=\"size-full wp-image-627 \" alt=\"The acetaia in the attic of Villa Bianca\" src=\"http:\/\/www.acetaiavillabianca.com\/wp-content\/uploads\/2013\/02\/acetaiavillabianca_acetaia1.jpg\" width=\"980\" height=\"654\" \/><p id=\"caption-attachment-627\" class=\"wp-caption-text\">The acetaia in the attic of Villa Bianca<\/p><\/div><script type=\"text\/javascript\">\/\/ <![CDATA[\n  (function(i,s,o,g,r,a,m){i['GoogleAnalyticsObject']=r;i[r]=i[r]||function(){\n  (i[r].q=i[r].q||[]).push(arguments)},i[r].l=1*new Date();a=s.createElement(o),\n  m=s.getElementsByTagName(o)[0];a.async=1;a.src=g;m.parentNode.insertBefore(a,m)\n  })(window,document,'script','\/\/www.google-analytics.com\/analytics.js','ga');\n\n  ga('create', 'UA-44788597-1', 'acetaiavillabianca.com');\n  ga('send', 'pageview');\n\/\/ ]]><\/script><\/p>","protected":false},"excerpt":{"rendered":"<p>Antica Acetaia Villa Bianca\u00a0situ\u00e9 dans un lieu privil\u00e9gi\u00e9 pour la production et l&rsquo;affinage du Vinaigre Balsamique Traditionnel de Mod\u00e8ne, l&rsquo;Antica Acetaia di Villa Bianca conserve jalousement, dans les pr\u00e9cieux tonneaux de famille, le r\u00e9cit passionn\u00e9 du rite d&rsquo;autrefois.<\/p>\n","protected":false},"author":2,"featured_media":0,"parent":0,"menu_order":0,"comment_status":"closed","ping_status":"closed","template":"page-acetaia.php","meta":{"footnotes":""},"class_list":["post-27","page","type-page","status-publish","hentry"],"_links":{"self":[{"href":"https:\/\/www.acetaiavillabianca.com\/fr\/wp-json\/wp\/v2\/pages\/27","targetHints":{"allow":["GET"]}}],"collection":[{"href":"https:\/\/www.acetaiavillabianca.com\/fr\/wp-json\/wp\/v2\/pages"}],"about":[{"href":"https:\/\/www.acetaiavillabianca.com\/fr\/wp-json\/wp\/v2\/types\/page"}],"author":[{"embeddable":true,"href":"https:\/\/www.acetaiavillabianca.com\/fr\/wp-json\/wp\/v2\/users\/2"}],"replies":[{"embeddable":true,"href":"https:\/\/www.acetaiavillabianca.com\/fr\/wp-json\/wp\/v2\/comments?post=27"}],"version-history":[{"count":12,"href":"https:\/\/www.acetaiavillabianca.com\/fr\/wp-json\/wp\/v2\/pages\/27\/revisions"}],"predecessor-version":[{"id":3905,"href":"https:\/\/www.acetaiavillabianca.com\/fr\/wp-json\/wp\/v2\/pages\/27\/revisions\/3905"}],"wp:attachment":[{"href":"https:\/\/www.acetaiavillabianca.com\/fr\/wp-json\/wp\/v2\/media?parent=27"}],"curies":[{"name":"wp","href":"https:\/\/api.w.org\/{rel}","templated":true}]}}