{"id":69,"date":"2013-02-21T13:20:02","date_gmt":"2013-02-21T12:20:02","guid":{"rendered":"http:\/\/www.acetaiavillabianca.com\/?post_type=product&#038;p=69"},"modified":"2026-04-07T14:14:13","modified_gmt":"2026-04-07T12:14:13","slug":"aceto-balsamico-tradizionale-25","status":"publish","type":"product","link":"https:\/\/www.acetaiavillabianca.com\/es\/negozio\/aceto-balsamico-tradizionale-25\/","title":{"rendered":"Vinagre Bals\u00e1mico Tradicional de M\u00f3dena d.o.p. 25 a\u00f1os"},"content":{"rendered":"<p><\/p>\n<p>(Denominaci\u00f3n de Origen Protegida) \u201cExtravecchio\u201d (Extra-viejo) \u2014 envejecido al menos 25 a\u00f1os. Una botella de 100 ml con el dosificador de corcho y un librito con la historia, las recetas y algunos consejos est\u00e1n contenidos en un elegante cofre.<\/em><\/p>\n<p><\/p>","protected":false},"excerpt":{"rendered":"<p>(Denominaci\u00f3n de Origen Protegida)<br \/><b>\u201cExtravecchio\u201d (Extra-viejo) \u2014 envejecido al menos 25 a\u00f1os<\/b><br \/><em>Una botella de 100 ml y un librito con la historia, las recetas y algunos consejos est\u00e1n contenidos en un elegante cofre.<\/em><\/p>\n","protected":false},"featured_media":6253,"template":"","meta":[],"product_brand":[],"product_cat":[62],"product_tag":[],"class_list":{"0":"post-69","1":"product","2":"type-product","3":"status-publish","4":"has-post-thumbnail","6":"product_cat-traditional-balsamic-vinegar-of-modena","7":"product_shipping_class-regular","9":"first","10":"instock","11":"taxable","12":"shipping-taxable","13":"purchasable","14":"product-type-simple"},"_links":{"self":[{"href":"https:\/\/www.acetaiavillabianca.com\/es\/wp-json\/wp\/v2\/product\/69","targetHints":{"allow":["GET"]}}],"collection":[{"href":"https:\/\/www.acetaiavillabianca.com\/es\/wp-json\/wp\/v2\/product"}],"about":[{"href":"https:\/\/www.acetaiavillabianca.com\/es\/wp-json\/wp\/v2\/types\/product"}],"wp:featuredmedia":[{"embeddable":true,"href":"https:\/\/www.acetaiavillabianca.com\/es\/wp-json\/wp\/v2\/media\/6253"}],"wp:attachment":[{"href":"https:\/\/www.acetaiavillabianca.com\/es\/wp-json\/wp\/v2\/media?parent=69"}],"wp:term":[{"taxonomy":"product_brand","embeddable":true,"href":"https:\/\/www.acetaiavillabianca.com\/es\/wp-json\/wp\/v2\/product_brand?post=69"},{"taxonomy":"product_cat","embeddable":true,"href":"https:\/\/www.acetaiavillabianca.com\/es\/wp-json\/wp\/v2\/product_cat?post=69"},{"taxonomy":"product_tag","embeddable":true,"href":"https:\/\/www.acetaiavillabianca.com\/es\/wp-json\/wp\/v2\/product_tag?post=69"}],"curies":[{"name":"wp","href":"https:\/\/api.w.org\/{rel}","templated":true}]}}