{"id":6565,"date":"2023-05-03T12:24:53","date_gmt":"2023-05-03T10:24:53","guid":{"rendered":"https:\/\/www.acetaiavillabianca.com\/?post_type=product&#038;p=6565"},"modified":"2023-11-15T09:21:32","modified_gmt":"2023-11-15T08:21:32","slug":"coppia-%e2%80%a2-2-confezioni-di-aceto-balsamico-tradizionale-di-modena-d-o-p-25-anni-2","status":"publish","type":"product","link":"https:\/\/www.acetaiavillabianca.com\/es\/negozio\/coppia-%e2%80%a2-2-confezioni-di-aceto-balsamico-tradizionale-di-modena-d-o-p-25-anni-2\/","title":{"rendered":"\u00abPareja\u00bb \u2022 2 botellas de Vinagre Bals\u00e1mico Tradicional de M\u00f3dena d.o.p. 25 a\u00f1os (Copia)"},"content":{"rendered":"<p><\/p>\n<p><img loading=\"lazy\" decoding=\"async\" class=\"alignnone size-full wp-image-5155\" src=\"https:\/\/www.acetaiavillabianca.com\/wp-content\/uploads\/2016\/10\/combo_descrizione_prodotto_ev-ev_930.jpg\" alt=\"\" width=\"930\" height=\"300\" srcset=\"https:\/\/www.acetaiavillabianca.com\/wp-content\/uploads\/2016\/10\/combo_descrizione_prodotto_ev-ev_930.jpg 930w, https:\/\/www.acetaiavillabianca.com\/wp-content\/uploads\/2016\/10\/combo_descrizione_prodotto_ev-ev_930-768x248.jpg 768w\" sizes=\"auto, (max-width: 930px) 100vw, 930px\" \/><\/p>\n<p><strong>\u00abPareja\u00bb<\/strong> \u2013 2 botellas de Vinagre Bals\u00e1mico Tradicional de M\u00f3dena D.O.P. (Denominaci\u00f3n de Origen Protegida) \u201cExtravecchio\u201d (Extra-viejo) \u2014 envejecido al menos 25 a\u00f1os. Una botella de 100 ml con el dosificador de corcho y un librito con la historia, las recetas y algunos consejos est\u00e1n contenidos en un elegante cofre.<\/p>\n<p><img decoding=\"async\" src=\"http:\/\/www.acetaiavillabianca.com\/wp-content\/uploads\/2015\/09\/ima_prodotti_ricette_25anni.jpg\" alt=\"\u201cTris\u201d\" \/><\/p>\n<p><\/p>","protected":false},"excerpt":{"rendered":"<p><b>ENV\u00cdO GRATUITO!<\/b><br \/><em>Una botella de 100 ml y un librito con la historia, las recetas y algunos consejos est\u00e1n contenidos en un elegante cofre.<\/em><\/p>\n","protected":false},"featured_media":6566,"template":"","meta":[],"product_brand":[],"product_cat":[84,62],"product_tag":[],"class_list":{"0":"post-6565","1":"product","2":"type-product","3":"status-publish","4":"has-post-thumbnail","6":"product_cat-special","7":"product_cat-traditional-balsamic-vinegar-of-modena","8":"product_shipping_class-free","10":"first","11":"instock","12":"featured","13":"virtual","14":"taxable","15":"purchasable","16":"product-type-simple"},"_links":{"self":[{"href":"https:\/\/www.acetaiavillabianca.com\/es\/wp-json\/wp\/v2\/product\/6565","targetHints":{"allow":["GET"]}}],"collection":[{"href":"https:\/\/www.acetaiavillabianca.com\/es\/wp-json\/wp\/v2\/product"}],"about":[{"href":"https:\/\/www.acetaiavillabianca.com\/es\/wp-json\/wp\/v2\/types\/product"}],"wp:featuredmedia":[{"embeddable":true,"href":"https:\/\/www.acetaiavillabianca.com\/es\/wp-json\/wp\/v2\/media\/6566"}],"wp:attachment":[{"href":"https:\/\/www.acetaiavillabianca.com\/es\/wp-json\/wp\/v2\/media?parent=6565"}],"wp:term":[{"taxonomy":"product_brand","embeddable":true,"href":"https:\/\/www.acetaiavillabianca.com\/es\/wp-json\/wp\/v2\/product_brand?post=6565"},{"taxonomy":"product_cat","embeddable":true,"href":"https:\/\/www.acetaiavillabianca.com\/es\/wp-json\/wp\/v2\/product_cat?post=6565"},{"taxonomy":"product_tag","embeddable":true,"href":"https:\/\/www.acetaiavillabianca.com\/es\/wp-json\/wp\/v2\/product_tag?post=6565"}],"curies":[{"name":"wp","href":"https:\/\/api.w.org\/{rel}","templated":true}]}}