{"id":5153,"date":"2016-10-18T23:08:07","date_gmt":"2016-10-18T21:08:07","guid":{"rendered":"https:\/\/www.acetaiavillabianca.com\/negozio\/coppia-mista-%e2%80%a2-1-confezione-di-aceto-balsamico-tradizionale-di-modena-d-o-p-12-anni-1-confezione-di-aceto-balsamico-tradizionale-di-modena-d-o-p-25-anni\/"},"modified":"2023-11-15T09:30:24","modified_gmt":"2023-11-15T08:30:24","slug":"coppia-mista-%e2%80%a2-1-confezione-di-aceto-balsamico-tradizionale-di-modena-d-o-p-12-anni-1-confezione-di-aceto-balsamico-tradizionale-di-modena-d-o-p-25-anni","status":"publish","type":"product","link":"https:\/\/www.acetaiavillabianca.com\/es\/negozio\/coppia-mista-%e2%80%a2-1-confezione-di-aceto-balsamico-tradizionale-di-modena-d-o-p-12-anni-1-confezione-di-aceto-balsamico-tradizionale-di-modena-d-o-p-25-anni\/","title":{"rendered":"\u00bbPareja mixta\u00bb \u2022 1 botellas de V.B.T.M. d.o.p. 12 a\u00f1os + 1 botellas de V.B.T.M. d.o.p. 25 a\u00f1os"},"content":{"rendered":"<p><\/p>\n<p><img loading=\"lazy\" decoding=\"async\" class=\"alignnone size-full wp-image-5157\" src=\"https:\/\/www.acetaiavillabianca.com\/wp-content\/uploads\/2016\/10\/combo_descrizione_prodotto_v-ev_930.jpg\" alt=\"combo_descrizione_prodotto_v-ev_930\" width=\"930\" height=\"300\" srcset=\"https:\/\/www.acetaiavillabianca.com\/wp-content\/uploads\/2016\/10\/combo_descrizione_prodotto_v-ev_930.jpg 930w, https:\/\/www.acetaiavillabianca.com\/wp-content\/uploads\/2016\/10\/combo_descrizione_prodotto_v-ev_930-768x248.jpg 768w\" sizes=\"auto, (max-width: 930px) 100vw, 930px\" \/><\/p>\n<p><strong>\u201cPareja mixta\u00bb<\/strong> \u2013 Una botella de Vinagre Bals\u00e1mico Tradicional de M\u00f3dena D.O.P. (Denominaci\u00f3n de Origen Protegida) 2 \u201cAffinato\u201d \u2014 envejecido al menos 12 a\u00f1os y una botella Vinagre Bals\u00e1mico Tradicional de M\u00f3dena D.O.P. (Denominaci\u00f3n de Origen Protegida)\u00a0 \u201cExtravecchio\u201d (Extra-viejo)\u2014 envejecido al menos 25 a\u00f1os. Una botella de 100 ml, con el dosificador de corcho y un librito con la historia, las recetas y algunos consejos est\u00e1n contenidos en un elegante cofre.<\/p>\n<p><img decoding=\"async\" src=\"http:\/\/www.acetaiavillabianca.com\/wp-content\/uploads\/2015\/11\/ima_prodotti_ricette_25-12anni.jpg\" alt=\"COMBO\" \/><\/p>\n<p><\/p>","protected":false},"excerpt":{"rendered":"<p><b>ENV\u00cdO GRATUITO HASTA EL 5 DE DICIEMBRE!<\/b><\/p>\n","protected":false},"featured_media":5158,"template":"","meta":[],"product_brand":[],"product_cat":[99],"product_tag":[],"class_list":{"0":"post-5153","1":"product","2":"type-product","3":"status-publish","4":"has-post-thumbnail","6":"product_cat-offerte-natalize","7":"product_shipping_class-free","9":"first","10":"instock","11":"virtual","12":"taxable","13":"purchasable","14":"product-type-simple"},"_links":{"self":[{"href":"https:\/\/www.acetaiavillabianca.com\/es\/wp-json\/wp\/v2\/product\/5153","targetHints":{"allow":["GET"]}}],"collection":[{"href":"https:\/\/www.acetaiavillabianca.com\/es\/wp-json\/wp\/v2\/product"}],"about":[{"href":"https:\/\/www.acetaiavillabianca.com\/es\/wp-json\/wp\/v2\/types\/product"}],"wp:featuredmedia":[{"embeddable":true,"href":"https:\/\/www.acetaiavillabianca.com\/es\/wp-json\/wp\/v2\/media\/5158"}],"wp:attachment":[{"href":"https:\/\/www.acetaiavillabianca.com\/es\/wp-json\/wp\/v2\/media?parent=5153"}],"wp:term":[{"taxonomy":"product_brand","embeddable":true,"href":"https:\/\/www.acetaiavillabianca.com\/es\/wp-json\/wp\/v2\/product_brand?post=5153"},{"taxonomy":"product_cat","embeddable":true,"href":"https:\/\/www.acetaiavillabianca.com\/es\/wp-json\/wp\/v2\/product_cat?post=5153"},{"taxonomy":"product_tag","embeddable":true,"href":"https:\/\/www.acetaiavillabianca.com\/es\/wp-json\/wp\/v2\/product_tag?post=5153"}],"curies":[{"name":"wp","href":"https:\/\/api.w.org\/{rel}","templated":true}]}}