{"id":5097,"date":"2016-09-24T16:15:12","date_gmt":"2016-09-24T14:15:12","guid":{"rendered":"https:\/\/www.acetaiavillabianca.com\/negozio\/aceto-balsamico-tradizionale-di-modena-d-o-p-25-anni-m-thierry-marro-2\/"},"modified":"2016-10-25T14:45:08","modified_gmt":"2016-10-25T12:45:08","slug":"aceto-balsamico-tradizionale-di-modena-d-o-p-25-anni-m-thierry-marro-2","status":"publish","type":"product","link":"https:\/\/www.acetaiavillabianca.com\/es\/negozio\/aceto-balsamico-tradizionale-di-modena-d-o-p-25-anni-m-thierry-marro-2\/","title":{"rendered":"Vinagre Bals\u00e1mico Tradicional de M\u00f3dena d.o.p. 25 a\u00f1os M. Thierry Marro"},"content":{"rendered":"<p><\/p>\n<p>(Denominazione d\u2019origine protetta) Extravecchio \u2014 invecchiato almeno 25 anni\u00a0<em>Una bottiglia da 100 ml e il libretto con la storia, le ricette ed i consigli, sono contenuti in un cofanetto.<\/em><\/p>\n<p><\/p>","protected":false},"excerpt":{"rendered":"<p>(Denominaci\u00f3n de Origen Protegida)<br \/><b>\u201cExtravecchio\u201d (Extra-viejo) \u2014 envejecido al menos 25 a\u00f1os<\/b><br \/><em>Una botella de 100 ml y un librito con la historia, las recetas y algunos consejos est\u00e1n contenidos en un elegante cofre.<\/em><\/p>\n","protected":false},"featured_media":2308,"template":"","meta":[],"product_brand":[],"product_cat":[84],"product_tag":[],"class_list":{"0":"post-5097","1":"product","2":"type-product","3":"status-publish","4":"has-post-thumbnail","6":"product_cat-special","7":"product_shipping_class-regular","9":"first","10":"instock","11":"taxable","12":"shipping-taxable","13":"purchasable","14":"product-type-simple"},"_links":{"self":[{"href":"https:\/\/www.acetaiavillabianca.com\/es\/wp-json\/wp\/v2\/product\/5097","targetHints":{"allow":["GET"]}}],"collection":[{"href":"https:\/\/www.acetaiavillabianca.com\/es\/wp-json\/wp\/v2\/product"}],"about":[{"href":"https:\/\/www.acetaiavillabianca.com\/es\/wp-json\/wp\/v2\/types\/product"}],"wp:featuredmedia":[{"embeddable":true,"href":"https:\/\/www.acetaiavillabianca.com\/es\/wp-json\/wp\/v2\/media\/2308"}],"wp:attachment":[{"href":"https:\/\/www.acetaiavillabianca.com\/es\/wp-json\/wp\/v2\/media?parent=5097"}],"wp:term":[{"taxonomy":"product_brand","embeddable":true,"href":"https:\/\/www.acetaiavillabianca.com\/es\/wp-json\/wp\/v2\/product_brand?post=5097"},{"taxonomy":"product_cat","embeddable":true,"href":"https:\/\/www.acetaiavillabianca.com\/es\/wp-json\/wp\/v2\/product_cat?post=5097"},{"taxonomy":"product_tag","embeddable":true,"href":"https:\/\/www.acetaiavillabianca.com\/es\/wp-json\/wp\/v2\/product_tag?post=5097"}],"curies":[{"name":"wp","href":"https:\/\/api.w.org\/{rel}","templated":true}]}}