{"id":4376,"date":"2016-02-08T16:19:59","date_gmt":"2016-02-08T15:19:59","guid":{"rendered":"http:\/\/www.acetaiavillabianca.com\/negozio\/visita-affinato-debadri-mukherjee\/"},"modified":"2016-10-17T10:58:41","modified_gmt":"2016-10-17T08:58:41","slug":"visita-affinato-debadri-mukherjee","status":"publish","type":"product","link":"https:\/\/www.acetaiavillabianca.com\/es\/negozio\/visita-affinato-debadri-mukherjee\/","title":{"rendered":"Visita \u00abAffinato\u00bb   Debadri Mukherjee"},"content":{"rendered":"","protected":false},"excerpt":{"rendered":"<p><b>Reserva tu visita a l&#039;<em>Antica Acetaia Villa Bianca<\/em><\/b>. Eliges el num\u00e9ro de personas y compras. Una vez finalizado el pago recibir\u00e1s una confirmaci\u00f3n por email . <\/p>\n<p><em>Os esperamos!!<\/em><br \/>Claudio, Irene, Emilio e Aurora Biancardi<\/p>\n","protected":false},"featured_media":2328,"template":"","meta":[],"product_brand":[],"product_cat":[81],"product_tag":[],"class_list":{"0":"post-4376","1":"product","2":"type-product","3":"status-publish","4":"has-post-thumbnail","6":"product_cat-visit","8":"first","9":"instock","10":"sale","11":"purchasable","12":"product-type-variable"},"_links":{"self":[{"href":"https:\/\/www.acetaiavillabianca.com\/es\/wp-json\/wp\/v2\/product\/4376","targetHints":{"allow":["GET"]}}],"collection":[{"href":"https:\/\/www.acetaiavillabianca.com\/es\/wp-json\/wp\/v2\/product"}],"about":[{"href":"https:\/\/www.acetaiavillabianca.com\/es\/wp-json\/wp\/v2\/types\/product"}],"wp:featuredmedia":[{"embeddable":true,"href":"https:\/\/www.acetaiavillabianca.com\/es\/wp-json\/wp\/v2\/media\/2328"}],"wp:attachment":[{"href":"https:\/\/www.acetaiavillabianca.com\/es\/wp-json\/wp\/v2\/media?parent=4376"}],"wp:term":[{"taxonomy":"product_brand","embeddable":true,"href":"https:\/\/www.acetaiavillabianca.com\/es\/wp-json\/wp\/v2\/product_brand?post=4376"},{"taxonomy":"product_cat","embeddable":true,"href":"https:\/\/www.acetaiavillabianca.com\/es\/wp-json\/wp\/v2\/product_cat?post=4376"},{"taxonomy":"product_tag","embeddable":true,"href":"https:\/\/www.acetaiavillabianca.com\/es\/wp-json\/wp\/v2\/product_tag?post=4376"}],"curies":[{"name":"wp","href":"https:\/\/api.w.org\/{rel}","templated":true}]}}