{"id":2411,"date":"2014-11-16T19:30:29","date_gmt":"2014-11-16T18:30:29","guid":{"rendered":"http:\/\/www.acetaiavillabianca.com\/negozio\/aceto-balsamico-tradizionale-di-modena-d-o-p-12-anni-tovaglietta\/"},"modified":"2018-03-08T15:22:28","modified_gmt":"2018-03-08T14:22:28","slug":"aceto-balsamico-tradizionale-di-modena-d-o-p-12-anni-tovaglietta3","status":"publish","type":"product","link":"https:\/\/www.acetaiavillabianca.com\/es\/negozio\/aceto-balsamico-tradizionale-di-modena-d-o-p-12-anni-tovaglietta3\/","title":{"rendered":"Vinagre Bals\u00e1mico Tradicional de M\u00f3dena d.o.p. 12 a\u00f1os + Mantel individual"},"content":{"rendered":"","protected":false},"excerpt":{"rendered":"<p><b>\u261b HASTA EL 15 DE DICIEMBRE!<\/b><br \/><\/br>Una botella de 100 ml (\u201cAffinato\u201d \u2014 envejecido al menos 12 a\u00f1os) y un librito con la historia, las recetas y algunos consejos est\u00e1n contenidos en un elegante cofre. <b>Por cada botella en regalo un mantel individual <\/b>(longitud: 52 cm, Ancho: 38 cm) con la historia del Vinagre Bals\u00e1mico Tradicional de M\u00f3dena!<\/b> El mantel ha sido dise\u00f1ado para Irene Patara.<\/p>\n","protected":false},"featured_media":2507,"template":"","meta":[],"product_brand":[],"product_cat":[62],"product_tag":[],"class_list":{"0":"post-2411","1":"product","2":"type-product","3":"status-publish","4":"has-post-thumbnail","6":"product_cat-traditional-balsamic-vinegar-of-modena","7":"product_shipping_class-regular","9":"first","10":"outofstock","11":"taxable","12":"shipping-taxable","13":"purchasable","14":"product-type-simple"},"_links":{"self":[{"href":"https:\/\/www.acetaiavillabianca.com\/es\/wp-json\/wp\/v2\/product\/2411","targetHints":{"allow":["GET"]}}],"collection":[{"href":"https:\/\/www.acetaiavillabianca.com\/es\/wp-json\/wp\/v2\/product"}],"about":[{"href":"https:\/\/www.acetaiavillabianca.com\/es\/wp-json\/wp\/v2\/types\/product"}],"wp:featuredmedia":[{"embeddable":true,"href":"https:\/\/www.acetaiavillabianca.com\/es\/wp-json\/wp\/v2\/media\/2507"}],"wp:attachment":[{"href":"https:\/\/www.acetaiavillabianca.com\/es\/wp-json\/wp\/v2\/media?parent=2411"}],"wp:term":[{"taxonomy":"product_brand","embeddable":true,"href":"https:\/\/www.acetaiavillabianca.com\/es\/wp-json\/wp\/v2\/product_brand?post=2411"},{"taxonomy":"product_cat","embeddable":true,"href":"https:\/\/www.acetaiavillabianca.com\/es\/wp-json\/wp\/v2\/product_cat?post=2411"},{"taxonomy":"product_tag","embeddable":true,"href":"https:\/\/www.acetaiavillabianca.com\/es\/wp-json\/wp\/v2\/product_tag?post=2411"}],"curies":[{"name":"wp","href":"https:\/\/api.w.org\/{rel}","templated":true}]}}