{"id":15,"date":"2013-02-14T13:36:16","date_gmt":"2013-02-14T12:36:16","guid":{"rendered":"http:\/\/www.acetaiavillabianca.com\/?post_type=product&#038;p=15"},"modified":"2026-02-08T16:32:42","modified_gmt":"2026-02-08T15:32:42","slug":"aceto-balsamico-tradizionale-12","status":"publish","type":"product","link":"https:\/\/www.acetaiavillabianca.com\/es\/negozio\/aceto-balsamico-tradizionale-12\/","title":{"rendered":"Vinagre Bals\u00e1mico Tradicional de M\u00f3dena d.o.p. 12 a\u00f1os"},"content":{"rendered":"<p><\/p>\n<p>(Denominaci\u00f3n de Origen Protegida) \u00abAffinato\u00bb (Afinado) \u2014 envejecido al menos 12 a\u00f1os. Una botella de 100 ml con el dosificador de corcho y un librito con la historia, las recetas y algunos consejos est\u00e1n contenidos en un elegante cofre.<\/em><\/p>\n<p><\/p>","protected":false},"excerpt":{"rendered":"<p>(Denominaci\u00f3n de Origen Protegida)<br \/><b>\u00abAffinato\u00bb \u2014 envejecido al menos 12 a\u00f1os<\/b><br \/><em>Una botella de 100 ml y un librito con la historia, las recetas y algunos consejos est\u00e1n contenidos en un elegante cofre.<\/em><\/p>\n","protected":false},"featured_media":6251,"template":"","meta":[],"product_brand":[],"product_cat":[62],"product_tag":[],"class_list":{"0":"post-15","1":"product","2":"type-product","3":"status-publish","4":"has-post-thumbnail","6":"product_cat-traditional-balsamic-vinegar-of-modena","7":"product_shipping_class-regular","9":"first","10":"instock","11":"taxable","12":"shipping-taxable","13":"purchasable","14":"product-type-simple"},"_links":{"self":[{"href":"https:\/\/www.acetaiavillabianca.com\/es\/wp-json\/wp\/v2\/product\/15","targetHints":{"allow":["GET"]}}],"collection":[{"href":"https:\/\/www.acetaiavillabianca.com\/es\/wp-json\/wp\/v2\/product"}],"about":[{"href":"https:\/\/www.acetaiavillabianca.com\/es\/wp-json\/wp\/v2\/types\/product"}],"wp:featuredmedia":[{"embeddable":true,"href":"https:\/\/www.acetaiavillabianca.com\/es\/wp-json\/wp\/v2\/media\/6251"}],"wp:attachment":[{"href":"https:\/\/www.acetaiavillabianca.com\/es\/wp-json\/wp\/v2\/media?parent=15"}],"wp:term":[{"taxonomy":"product_brand","embeddable":true,"href":"https:\/\/www.acetaiavillabianca.com\/es\/wp-json\/wp\/v2\/product_brand?post=15"},{"taxonomy":"product_cat","embeddable":true,"href":"https:\/\/www.acetaiavillabianca.com\/es\/wp-json\/wp\/v2\/product_cat?post=15"},{"taxonomy":"product_tag","embeddable":true,"href":"https:\/\/www.acetaiavillabianca.com\/es\/wp-json\/wp\/v2\/product_tag?post=15"}],"curies":[{"name":"wp","href":"https:\/\/api.w.org\/{rel}","templated":true}]}}