{"id":41,"date":"2013-02-20T18:02:07","date_gmt":"2013-02-20T17:02:07","guid":{"rendered":"http:\/\/www.acetaiavillabianca.com\/?page_id=41"},"modified":"2018-12-04T09:38:44","modified_gmt":"2018-12-04T08:38:44","slug":"contatti","status":"publish","type":"page","link":"https:\/\/www.acetaiavillabianca.com\/es\/contatti\/","title":{"rendered":"\u00a1Os esperamos!"},"content":{"rendered":"<p><\/p>\n<p><strong>LAS VISITAS SON BIENVENIDAS DURANTE TODO EL A\u00d1O.<\/strong>\u00a0Contactadnos para organizar vuestra visita a la acetaia, para obtener m\u00e1s informaci\u00f3n o para saludar, criticar u opinar. La acetaia dispone de un aparcamiento gratuito interno. Pod\u00e9is inscribiros a nuestra newsletter \u201cNoticias Bals\u00e1micas\u201d para estar al d\u00eda de las novedades, promociones, recetas y seguirnos en \u00ab<a href=\"https:\/\/acetaiavillabianca.us6.list-manage.com\/subscribe?u=3a3dcafd9c7aac8d8c6440968&amp;id=4c562bdb3e\" target=\"_blank\">Notizie Balsamiche<\/a>\u00bb (\u00abNoticias Bals\u00e1micas\u201d).<\/p>\n<p><b>Antica Acetaia Villa Bianca<\/b><br \/><a href=\"\/\/goo.gl\/maps\/lbRuJ\" target=\"_blank\">Via Scartazza 115, 41126 San Damaso (Modena)<\/a> <br \/>Tel. <strong>0039 <\/strong><b>335 7320640 \u2014<\/b> <strong>0039 <\/strong><b>059 468571<\/b><br \/> <a href=\"mailto:info@acetaiavillabianca.com\" target=\"_blank\">info@acetaiavillabianca.com<\/a><\/p>\n\n<div class=\"wpcf7 no-js\" id=\"wpcf7-f2344-o4\" lang=\"es-ES\" dir=\"ltr\" data-wpcf7-id=\"2344\">\n<div class=\"screen-reader-response\"><p role=\"status\" aria-live=\"polite\" aria-atomic=\"true\"><\/p> <ul><\/ul><\/div>\n<form action=\"\/es\/wp-json\/wp\/v2\/pages\/41#wpcf7-f2344-o4\" method=\"post\" class=\"wpcf7-form init\" aria-label=\"Formulario de contacto\" novalidate=\"novalidate\" data-status=\"init\">\n<fieldset class=\"hidden-fields-container\"><input type=\"hidden\" name=\"_wpcf7\" value=\"2344\" \/><input type=\"hidden\" name=\"_wpcf7_version\" value=\"6.1.2\" \/><input type=\"hidden\" name=\"_wpcf7_locale\" value=\"es_ES\" \/><input type=\"hidden\" name=\"_wpcf7_unit_tag\" value=\"wpcf7-f2344-o4\" \/><input type=\"hidden\" name=\"_wpcf7_container_post\" value=\"0\" \/><input type=\"hidden\" name=\"_wpcf7_posted_data_hash\" value=\"\" \/>\n<\/fieldset>\n<p><b>Su nombre<\/b><em> (requerido)<\/em> *\n<\/p>\n<p><span class=\"wpcf7-form-control-wrap\" data-name=\"your-name\"><input size=\"40\" maxlength=\"400\" class=\"wpcf7-form-control wpcf7-text wpcf7-validates-as-required\" aria-required=\"true\" aria-invalid=\"false\" value=\"\" type=\"text\" name=\"your-name\" \/><\/span>\n<\/p>\n<p><b>Su e-mail <\/b><em>(requerido)<\/em>*\n<\/p>\n<p><span class=\"wpcf7-form-control-wrap\" data-name=\"your-email\"><input size=\"40\" maxlength=\"400\" class=\"wpcf7-form-control wpcf7-email wpcf7-validates-as-required wpcf7-text wpcf7-validates-as-email\" aria-required=\"true\" aria-invalid=\"false\" value=\"\" type=\"email\" name=\"your-email\" \/><\/span>\n<\/p>\n<p>Asunto\n<\/p>\n<p><span class=\"wpcf7-form-control-wrap\" data-name=\"your-subject\"><input size=\"40\" maxlength=\"400\" class=\"wpcf7-form-control wpcf7-text\" aria-invalid=\"false\" value=\"\" type=\"text\" name=\"your-subject\" \/><\/span>\n<\/p>\n<p>Su mensaje\n<\/p>\n<p><span class=\"wpcf7-form-control-wrap\" data-name=\"your-message\"><textarea cols=\"40\" rows=\"10\" maxlength=\"2000\" class=\"wpcf7-form-control wpcf7-textarea\" aria-invalid=\"false\" name=\"your-message\"><\/textarea><\/span>\n<\/p>\n<p>He le\u00eddo y acepto los t\u00e9rminos referentes a la <a href=\"http:\/\/www.acetaiavillabianca.com\/privacy\/\" target=\"_blank\">protecci\u00f3n de datos<\/a>\n<\/p>\n<p><span class=\"wpcf7-form-control-wrap\" data-name=\"acceptance-269\"><span class=\"wpcf7-form-control wpcf7-acceptance\"><span class=\"wpcf7-list-item\"><input type=\"checkbox\" name=\"acceptance-269\" value=\"1\" aria-invalid=\"false\" \/><\/span><\/span><\/span>\n<\/p>\n<p><label class=\"acaptcha\" for=\"your-captcha\"><em>Captcha <\/em> <input type=\"hidden\" name=\"_wpcf7_captcha_challenge_your-captcha\" value=\"522330182\" \/><img loading=\"lazy\" decoding=\"async\" class=\"wpcf7-form-control wpcf7-captchac wpcf7-captcha-your-captcha\" width=\"84\" height=\"28\" alt=\"captcha\" src=\"https:\/\/www.acetaiavillabianca.com\/wp-content\/uploads\/wpcf7_captcha\/522330182.png\" \/><\/label><br \/>\n<span class=\"wpcf7-form-control-wrap\" data-name=\"your-captcha\"><input size=\"40\" class=\"wpcf7-form-control wpcf7-captchar\" autocomplete=\"off\" aria-invalid=\"false\" value=\"\" type=\"text\" name=\"your-captcha\" \/><\/span>\n<\/p>\n<p><input class=\"wpcf7-form-control wpcf7-submit has-spinner\" type=\"submit\" value=\"Enviar\" \/>\n<\/p><div class=\"wpcf7-response-output\" aria-hidden=\"true\"><\/div>\n<\/form>\n<\/div>\n\n<p><strong>C\u00d3MO LLEGAR:<\/strong><br \/><b>\u2022<\/b> <em>Desde la estaci\u00f3n central de trenes de M\u00f3dena\u00a0<\/em>(8,5 km) <a href=\"https:\/\/maps.google.it\/maps?saddr=Stazione+Fs,+Modena,+MO&amp;daddr=Antica+Acetaia+Villa+Bianca+-+Claudio+Biancardi,+Strada+Scartazza,+115,+41126+San+Damaso+Modena&amp;hl=it&amp;sll=44.576629,10.988222&amp;sspn=0.098677,0.201702&amp;geocode=FbBeqQIdQMimACm3ma-4Ge9_RzEKo32tWT0hOw%3BFe-uqAIdIninAClZWzuEOuZ_RzE7tZI3oKQVtg&amp;oq=stazione&amp;t=h&amp;mra=ls&amp;z=14\" target=\"_blank\">&gt; ver las indicaciones de Google Maps.<\/a><i>\u00a0<\/i>En autob\u00fas: l\u00ednea 2\/2a. Hay que bajarse en San Damaso. La acetaia se encuentra a 800 metros de la parada.<br \/><b>\u2022<\/b> <em>Desde la caseta de peaje M\u00f3dena Sud de la autopista\u00a0<\/em>(5 km)\u00a0<a href=\"https:\/\/maps.google.it\/maps?saddr=Uscita+Modena+Sud&amp;daddr=Antica+Acetaia+Villa+Bianca+-+Claudio+Biancardi,+Strada+Scartazza,+115,+41126+San+Damaso+Modena&amp;hl=it&amp;sll=44.576629,10.988222&amp;sspn=0.098677,0.201702&amp;geocode=FfIyqAIdBpSnAA%3BFe-uqAIdIninAClZWzuEOuZ_RzE7tZI3oKQVtg&amp;oq=stazione&amp;t=h&amp;mra=dme&amp;mrsp=0&amp;sz=13&amp;z=13\" target=\"_blank\">&gt; ver las indicaciones deGoogle Maps.<\/a>\u00a0Uno tiene que proseguir en direcci\u00f3n M\u00f3dena. Tras el centro de San Damaso, hay que girar a la derecha en la Carretera de Collegara (\u201cStrada di Collegara\u201d) en direcci\u00f3n Bolonia\/Castelfranco. Tras 200 metros hay que girar a la izquierda y entrar en la Carretera Scartazza (\u201cStrada Scartazza\u201d). La entrada se encuentra a la derecha en el n\u00famero 115.<br \/><b>\u2022<\/b> <em>Desde el aeropuerto de Bolonia<\/em>\u00a0(34 km)\u00a0<a href=\"https:\/\/maps.google.it\/maps?saddr=Aeroporto+di+Bologna,+Bologna,+BO&amp;daddr=Antica+Acetaia+Villa+Bianca+-+Claudio+Biancardi,+Strada+Scartazza,+115,+41126+San+Damaso+Modena&amp;hl=it&amp;ll=44.559408,11.14666&amp;spn=0.197412,0.403404&amp;sll=44.703802,10.975342&amp;sspn=3.099992,6.047974&amp;geocode=Fdp4pwIdc1KsACF71vhlAUNTVinLoUfA-tN_RzF71vhlAUNTVg%3BFe-uqAIdIninAClZWzuEOuZ_RzE7tZI3oKQVtg&amp;oq=areoporto+di+bologna&amp;t=h&amp;mra=ls&amp;z=12\" target=\"_blank\">&gt; ver las indicaciones deGoogle Maps.<\/a>\u00a0El aeropuerto m\u00e1s cercano es el de Bolonia (BLQ). Desde el aeropuerto hay que coger un bus navetta AerBus que se para en M\u00f3dena en la calle Vignolese donde se coge el autob\u00fas n\u00famero 2 y 2a que llega a San Damaso.<\/p>\n<div id=\"attachment_1329\" style=\"width: 990px\" class=\"wp-caption alignnone\"><img loading=\"lazy\" decoding=\"async\" aria-describedby=\"caption-attachment-1329\" class=\"size-full wp-image-1329 \" src=\"https:\/\/www.acetaiavillabianca.com\/wp-content\/uploads\/2013\/02\/abtmvillabiainca_disegno_famiglia.jpg\" alt=\"abtmvillabiainca_disegno_famiglia\" width=\"980\" height=\"720\" \/><p id=\"caption-attachment-1329\" class=\"wp-caption-text\">\u00a1Os esperamos!<\/p><\/div>\n<p><strong>COLOF\u00d3N<br \/><\/strong>Texto: Familia Biancardi<br \/>Fotograf\u00edas: Irene P\u00e0tara, Aurora Biancardi<br \/>Traducci\u00f3n inglesa: Simonetta Alemanni<br \/>Traducci\u00f3n espa\u00f1ola:\u00a0Alicia Rubio Garrido<br \/>Traducci\u00f3n alemana: Emilio Biancardi<br \/>Traducci\u00f3n francesa:\u00a0Emilio Biancardi<br \/>Dise\u00f1o gr\u00e1fico: Aurora Biancardi<br \/>Development: Mosne<\/p>\n<p><em>\u00a9 Acetaia Villa Bianca 2013. Todos los derechos reservados. Ninguna parte de este sitio web, este texto o estas im\u00e1genes, puede ser utilizada para prop\u00f3sitos distintos al uso personal, a menos que no venga dada la autorizaci\u00f3n expl\u00edcita. Por tanto la reproducci\u00f3n, modificaci\u00f3n, la grabaci\u00f3n en un sistema de almacenamiento o de retransmisi\u00f3n, en cualquier forma o con cualquier medio \u2013electr\u00f3nico, mec\u00e1nico u otro- por motivos diversos al uso personal, est\u00e1n prohibidos sin previa autorizaci\u00f3n escrita de la Antica Acetaia Villa Bianca.\u00a0<\/em><\/p>\n<p><\/p>","protected":false},"excerpt":{"rendered":"<p>LAS VISITAS SON BIENVENIDAS DURANTE TODO EL A\u00d1O.\u00a0Contactadnos para organizar vuestra visita a la acetaia, para obtener m\u00e1s informaci\u00f3n o para saludar, criticar u opinar. La acetaia dispone de un aparcamiento gratuito interno. Pod\u00e9is inscribiros a nuestra newsletter \u201cNoticias Bals\u00e1micas\u201d para estar al d\u00eda de las novedades, promociones, recetas y seguirnos en \u00abNotizie Balsamiche\u00bb (\u00abNoticias [&hellip;]<\/p>\n","protected":false},"author":2,"featured_media":0,"parent":0,"menu_order":0,"comment_status":"open","ping_status":"closed","template":"page-contatti.php","meta":{"footnotes":""},"class_list":["post-41","page","type-page","status-publish","hentry"],"_links":{"self":[{"href":"https:\/\/www.acetaiavillabianca.com\/es\/wp-json\/wp\/v2\/pages\/41","targetHints":{"allow":["GET"]}}],"collection":[{"href":"https:\/\/www.acetaiavillabianca.com\/es\/wp-json\/wp\/v2\/pages"}],"about":[{"href":"https:\/\/www.acetaiavillabianca.com\/es\/wp-json\/wp\/v2\/types\/page"}],"author":[{"embeddable":true,"href":"https:\/\/www.acetaiavillabianca.com\/es\/wp-json\/wp\/v2\/users\/2"}],"replies":[{"embeddable":true,"href":"https:\/\/www.acetaiavillabianca.com\/es\/wp-json\/wp\/v2\/comments?post=41"}],"version-history":[{"count":23,"href":"https:\/\/www.acetaiavillabianca.com\/es\/wp-json\/wp\/v2\/pages\/41\/revisions"}],"predecessor-version":[{"id":6017,"href":"https:\/\/www.acetaiavillabianca.com\/es\/wp-json\/wp\/v2\/pages\/41\/revisions\/6017"}],"wp:attachment":[{"href":"https:\/\/www.acetaiavillabianca.com\/es\/wp-json\/wp\/v2\/media?parent=41"}],"curies":[{"name":"wp","href":"https:\/\/api.w.org\/{rel}","templated":true}]}}