{"id":35,"date":"2013-02-20T17:55:20","date_gmt":"2013-02-20T16:55:20","guid":{"rendered":"http:\/\/www.acetaiavillabianca.com\/?page_id=35"},"modified":"2019-12-28T22:48:24","modified_gmt":"2019-12-28T21:48:24","slug":"aceto-balsamico-tradizionale-di-modena-dop","status":"publish","type":"page","link":"https:\/\/www.acetaiavillabianca.com\/es\/aceto-balsamico-tradizionale-di-modena-dop\/","title":{"rendered":"El Vinagre Bals\u00e1mico Tradicional de M\u00f3dena"},"content":{"rendered":"<p><\/p>\n<p><strong>LA ANTIGUA ACETAIA VILLA BIANCA<\/strong> produce exclusivamente Vinagre Bals\u00e1mico Tradicional de M\u00f3dena (VBTM) DOP en dos tipolog\u00edas previstas por las normas de la DOP: con al menos 12 a\u00f1os de envejecimiento y con al menos 25 a\u00f1os para la tipolog\u00eda \u201cExtravecchio\u201d (Extra-viejo). Toda la cadena productiva se realiza en el interior de la empresa: desde la producci\u00f3n de la uva al producto final. La Acetaia Villa Bianca se abastece de la uva del vi\u00f1edo que rodea la villa, vi\u00f1edo constituido en su mayor parte por uva blanca (Trebbiano Moden\u00e9s, Trebbiano de Espa\u00f1a, Sauvignon) y en menor medida por uva de Lambrusco.<\/p>\n<div style=\"width: 990px\" class=\"wp-caption alignnone\"><img loading=\"lazy\" decoding=\"async\" alt=\"Vista aerea dei vigneti e delle tre acetaie.\" src=\"http:\/\/www.acetaiavillabianca.com\/wp-content\/uploads\/2013\/02\/acetaiavillabianca_areaazienda.jpg\" width=\"980\" height=\"660\" \/><p class=\"wp-caption-text\">Vista a\u00e9rea de los vi\u00f1edos y los tres de vinagre.<\/p><\/div>\n<p><strong>Producci\u00f3n\u00a0\u2014<\/strong>\u00a0<em>El Vinagre Bals\u00e1mico Tradicional de M\u00f3dena<\/em> (D.O.P.-Denominaci\u00f3n de Origen Protegida) constituye una realidad \u00fanica en el mundo en el \u00e1mbito de los condimentos de base ac\u00e9tica. A diferencia del vinagre, que proviene de un l\u00edquido alcoh\u00f3lico, el vinagre bals\u00e1mico se obtiene directamente del zumo de uva. El mosto de uva, que proviene de uvas que han sido cultivadas desde hace siglos en su territorio de origen, se cuece a fuego directo en un recipiente destapado, y se coloca en los preciados barriles de madera donde se acetifica mediante procesos fermentativos y oxidativos naturales extremadamente complejos. En la quietud de la acetaia, gracias a la t\u00e9cnica del trasvase y a muchos a\u00f1os de refinado y envejecimiento, la amplia gama de sustancias que provienen de los procesos de transformaci\u00f3n microbiana y enzim\u00e1tica alcanza un sorprendente equilibrio de aroma y de sabor.<\/p>\n<div style=\"width: 990px\" class=\"wp-caption alignnone\"><img loading=\"lazy\" decoding=\"async\" class=\" \" alt=\"Botti in acetaia\" src=\"http:\/\/www.acetaiavillabianca.com\/wp-content\/uploads\/2013\/02\/acetaiavillabianca_botti.jpg\" width=\"980\" height=\"653\" \/><p class=\"wp-caption-text\">Barriles en la acetaia<\/p><\/div>\n<h3>Desde el Vi\u00f1edo hasta la Acetaia<\/h3>\n<p><strong>EL VI\u00d1EDO Y LA VENDIMIA\u00a0<\/strong>\u2014<strong>\u00a0<\/strong>Toda la producci\u00f3n de mosto cocido se realiza a partir de uvas que proceden exclusivamente de los cultivos que se encuentran en el interior de las propiedades de Villa Bianca. El vi\u00f1edo \u00a0se planta de modo que garantice que las uvas maduren gradualmente permitiendo el desarrollo de las operaciones de estrujado y de cocci\u00f3n del mosto y respetando los tiempos impuestos por la tradici\u00f3n.<\/p>\n<div style=\"width: 990px\" class=\"wp-caption alignnone\"><a href=\"http:\/\/www.acetaiavillabianca.com\/wp-content\/uploads\/2013\/02\/vigna04.jpg\"><img loading=\"lazy\" decoding=\"async\" alt=\"Micia, un'altra piccola aiutante di Villa Bianca!\" src=\"http:\/\/www.acetaiavillabianca.com\/wp-content\/uploads\/2013\/02\/vigna04-980x735.jpg\" width=\"980\" height=\"735\" \/><\/a><p class=\"wp-caption-text\">Micia, una peque\u00f1a ayudante m\u00e1s de Villa Bianca!<\/p><\/div>\n<p><strong>EL ESTRUJADO Y LA COCCI\u00d3N<\/strong>\u00a0\u2014\u00a0Despu\u00e9s de la cosecha se procede al estrujado y a la cocci\u00f3n del mosto. Se trasvasa el dulce mosto a la caldera para despu\u00e9s proceder a la cocci\u00f3n a fuego directo. El tiempo de permanencia del mosto en la caldera influye de forma determinante en el futuro producto. Seg\u00fan el tiempo de cocci\u00f3n, la concentraci\u00f3n de los az\u00facares y la densidad final cambian. Por esta raz\u00f3n se eligen distintas modalidades de cocci\u00f3n para las diversas tipolog\u00edas del producto (12 o 25 a\u00f1os). Durante la ebullici\u00f3n, el mosto de uva clara adquiere la t\u00edpica coloraci\u00f3n \u00e1mbar que ser\u00e1 la base del color pardo del VBTM.<\/p>\n<div style=\"width: 990px\" class=\"wp-caption aligncenter\"><a href=\"http:\/\/www.acetaiavillabianca.com\/wp-content\/uploads\/2013\/02\/acetaiavillabianca_uva.jpg\"><img loading=\"lazy\" decoding=\"async\" class=\"cerchio \" alt=\"Grappolo di uva Trebbiano\" src=\"http:\/\/www.acetaiavillabianca.com\/wp-content\/uploads\/2013\/02\/acetaiavillabianca_uva-980x980.jpg\" width=\"980\" height=\"980\" \/><\/a><p class=\"wp-caption-text\">Racimo de uva de Trebbiano<\/p><\/div>\n<p><strong>LOS RELLENADOS Y LOS TRASVASES<\/strong>\u00a0\u2014\u00a0Cuando el mosto se ha enfriado y ha reposado durante el invierno este puede ser trasvasado a los barriles en primavera. Durante esta fase a\u00f1adimos el mosto nuevo filtrado y procedemos a los trasiegos y a los rellenados desde los barriles m\u00e1s grandes a los barriles m\u00e1s peque\u00f1os. Durante los 6 primeros a\u00f1os de vida el vinagre vive y madura en la acetaia del campo, solo despu\u00e9s de este periodo, si se considera id\u00f3neo, se trasvasa a los preciados barriles que se encuentran en la buhardilla de la villa.<strong><\/strong><\/p>\n<div style=\"width: 990px\" class=\"wp-caption alignnone\"><img loading=\"lazy\" decoding=\"async\" alt=\"Rincalzi e travasi\" src=\"http:\/\/www.acetaiavillabianca.com\/wp-content\/uploads\/2013\/02\/acetaiavillabianca_rincalzitravasi.jpg\" width=\"980\" height=\"380\" \/><p class=\"wp-caption-text\">Los rellenados y los trasvases<\/p><\/div>\n<p><strong>LAS ACETAIAS DE LA VILLA\u00a0<\/strong>\u2013\u00a0El ciclo completo de producci\u00f3n se lleva a cabo en tres ambientes diferentes. La primera est\u00e1 dedicada a la cocci\u00f3n del mosto y la refrigeraci\u00f3n y el asentamiento. La segunda a la primera etapa de acidificaci\u00f3n, el \u00faltimo, en el \u00e1tico de la villa, la maduraci\u00f3n y el envejecimiento.\u00a0En una de las dos del campo se ha instalado una planta fotovoltaica de 8,7 kWp: una peque\u00f1a aportaci\u00f3n para reducir las emisiones de anh\u00eddrido carb\u00f3nico.<\/p>\n<div style=\"width: 990px\" class=\"wp-caption alignnone\"><a href=\"http:\/\/www.acetaiavillabianca.com\/wp-content\/uploads\/2013\/02\/acetaiavillabianca_fotovoltaico.jpg\"><img loading=\"lazy\" decoding=\"async\" alt=\"L'impianto fotovoltaico sul tetto di una delle acetaie\" src=\"http:\/\/www.acetaiavillabianca.com\/wp-content\/uploads\/2013\/02\/acetaiavillabianca_fotovoltaico.jpg\" width=\"980\" height=\"735\" \/><\/a><p class=\"wp-caption-text\">La planta fotovoltaica sobre el tejado de una de las acetaias<\/p><\/div>\n<p><strong>COMPRA\u00a0<\/strong>\u2014\u00a0Se pueden comprar los cofres con el sello de garant\u00eda D.O.P. en nuestra tienda on-line: VBTM 12 a\u00f1os (49,00 \u20ac) y VBTM \u201cExtravecchio\u201d (Extra-viejo) 25 a\u00f1os (89,00 \u20ac). Se aplicar\u00e1n descuentos para pedidos de m\u00e1s de 10 cofres. Los precios podr\u00e1n negociarse en el caso de que sean minoristas o grandes usuarios, les pedimos que nos env\u00eden un e-mail o nos llamen por tel\u00e9fono al n\u00famero 0039059468571.<\/p>\n<div style=\"width: 990px\" class=\"wp-caption aligncenter\"><a href=\"http:\/\/www.acetaiavillabianca.com\/wp-content\/uploads\/2013\/02\/acetaiavillabianca_abtm12-25.jpg\"><img loading=\"lazy\" decoding=\"async\" class=\"cerchio  \" alt=\"ABTM 12 e 25 anni\" src=\"http:\/\/www.acetaiavillabianca.com\/wp-content\/uploads\/2013\/02\/acetaiavillabianca_abtm12-25-980x980.jpg\" width=\"980\" height=\"980\" \/><\/a><p class=\"wp-caption-text\">VBTM 12 y 25 a\u00f1os de envejecimiento<\/p><\/div>\n<p>&nbsp;<\/p>\n<p>\/\/ <\/p>","protected":false},"excerpt":{"rendered":"<p>LA ANTIGUA ACETAIA VILLA BIANCA produce exclusivamente Vinagre Bals\u00e1mico Tradicional de M\u00f3dena (VBTM) DOP en dos tipolog\u00edas previstas por las normas de la DOP: con al menos 12 a\u00f1os de envejecimiento y con al menos 25 a\u00f1os para la tipolog\u00eda \u201cExtravecchio\u201d (Extra-viejo). Toda la cadena productiva se realiza en el interior de la empresa: desde [&hellip;]<\/p>\n","protected":false},"author":2,"featured_media":0,"parent":0,"menu_order":0,"comment_status":"open","ping_status":"closed","template":"page-acetaia.php","meta":{"footnotes":""},"class_list":["post-35","page","type-page","status-publish","hentry"],"_links":{"self":[{"href":"https:\/\/www.acetaiavillabianca.com\/es\/wp-json\/wp\/v2\/pages\/35","targetHints":{"allow":["GET"]}}],"collection":[{"href":"https:\/\/www.acetaiavillabianca.com\/es\/wp-json\/wp\/v2\/pages"}],"about":[{"href":"https:\/\/www.acetaiavillabianca.com\/es\/wp-json\/wp\/v2\/types\/page"}],"author":[{"embeddable":true,"href":"https:\/\/www.acetaiavillabianca.com\/es\/wp-json\/wp\/v2\/users\/2"}],"replies":[{"embeddable":true,"href":"https:\/\/www.acetaiavillabianca.com\/es\/wp-json\/wp\/v2\/comments?post=35"}],"version-history":[{"count":22,"href":"https:\/\/www.acetaiavillabianca.com\/es\/wp-json\/wp\/v2\/pages\/35\/revisions"}],"predecessor-version":[{"id":6176,"href":"https:\/\/www.acetaiavillabianca.com\/es\/wp-json\/wp\/v2\/pages\/35\/revisions\/6176"}],"wp:attachment":[{"href":"https:\/\/www.acetaiavillabianca.com\/es\/wp-json\/wp\/v2\/media?parent=35"}],"curies":[{"name":"wp","href":"https:\/\/api.w.org\/{rel}","templated":true}]}}