{"id":6344,"date":"2021-04-10T20:21:37","date_gmt":"2021-04-10T18:21:37","guid":{"rendered":"https:\/\/www.acetaiavillabianca.com\/?post_type=product&#038;p=6344"},"modified":"2022-06-02T16:23:34","modified_gmt":"2022-06-02T14:23:34","slug":"rocky-ruggeros-tours-free-shipping-%e2%80%a2-three-of-a-kind-%e2%80%a2-3-bottles-of-traditional-balsamic-vinegar-of-modena-p-d-o-12-years-old","status":"publish","type":"product","link":"https:\/\/www.acetaiavillabianca.com\/de\/negozio\/rocky-ruggeros-tours-free-shipping-%e2%80%a2-three-of-a-kind-%e2%80%a2-3-bottles-of-traditional-balsamic-vinegar-of-modena-p-d-o-12-years-old\/","title":{"rendered":"Rocky Ruggero&#8217;s tour free shipping \u2022 &#8222;Three of a kind&#8220; \u2022 3 bottles of Traditional Balsamic Vinegar of Modena p.d.o. 12 years old"},"content":{"rendered":"<p><\/p>\n<p><strong>\u201cDrilling\u201d<\/strong> \u2013 3 Flaschen Traditioneller Balsamico Essig aus Modena g.U. Affinato \u2014 mindestens 12 Jahre gereift. Die 100ml Flasche wird in einem K\u00e4stchen zusammen mit einem Dosierer Kork und einem B\u00fcchlein welches die Geschichte der Firma, Rezepte und weitere Empfehlungen enth\u00e4lt, geliefert.<\/p>\n<p><img decoding=\"async\" src=\"http:\/\/www.acetaiavillabianca.com\/wp-content\/uploads\/2015\/09\/ima_prodotti_ricette_25anni.jpg\" alt=\"\u201cTris\u201d\" \/><\/p>\n<p><\/p>","protected":false},"excerpt":{"rendered":"<p><b>KOSTENLOSER VERSAND <\/b><br \/><em>Die 100ml Flasche wird in einem K\u00e4stchen zusammen mit einem B\u00fcchlein welches die Geschichte der Firma,<br \/>Rezepte und weitere Empfehlungen enth\u00e4lt, geliefert.<\/em><\/p>\n","protected":false},"featured_media":4116,"template":"","meta":[],"product_brand":[],"product_cat":[62],"product_tag":[],"class_list":{"0":"post-6344","1":"product","2":"type-product","3":"status-publish","4":"has-post-thumbnail","6":"product_cat-traditional-balsamic-vinegar-of-modena","7":"product_shipping_class-free","9":"first","10":"instock","11":"sale","12":"virtual","13":"taxable","14":"purchasable","15":"product-type-simple"},"_links":{"self":[{"href":"https:\/\/www.acetaiavillabianca.com\/de\/wp-json\/wp\/v2\/product\/6344","targetHints":{"allow":["GET"]}}],"collection":[{"href":"https:\/\/www.acetaiavillabianca.com\/de\/wp-json\/wp\/v2\/product"}],"about":[{"href":"https:\/\/www.acetaiavillabianca.com\/de\/wp-json\/wp\/v2\/types\/product"}],"wp:featuredmedia":[{"embeddable":true,"href":"https:\/\/www.acetaiavillabianca.com\/de\/wp-json\/wp\/v2\/media\/4116"}],"wp:attachment":[{"href":"https:\/\/www.acetaiavillabianca.com\/de\/wp-json\/wp\/v2\/media?parent=6344"}],"wp:term":[{"taxonomy":"product_brand","embeddable":true,"href":"https:\/\/www.acetaiavillabianca.com\/de\/wp-json\/wp\/v2\/product_brand?post=6344"},{"taxonomy":"product_cat","embeddable":true,"href":"https:\/\/www.acetaiavillabianca.com\/de\/wp-json\/wp\/v2\/product_cat?post=6344"},{"taxonomy":"product_tag","embeddable":true,"href":"https:\/\/www.acetaiavillabianca.com\/de\/wp-json\/wp\/v2\/product_tag?post=6344"}],"curies":[{"name":"wp","href":"https:\/\/api.w.org\/{rel}","templated":true}]}}