{"id":5224,"date":"2016-11-10T11:31:27","date_gmt":"2016-11-10T10:31:27","guid":{"rendered":"https:\/\/www.acetaiavillabianca.com\/negozio\/combo-%e2%80%a2-2-confezioni-di-a-b-t-m-tradizionale-di-modena-d-o-p-12-anni-1-confezione-di-a-b-t-m-d-o-p-25-anni-tovaglietta\/"},"modified":"2023-11-15T09:29:33","modified_gmt":"2023-11-15T08:29:33","slug":"combo-%e2%80%a2-2-confezioni-di-a-b-t-m-tradizionale-di-modena-d-o-p-12-anni-1-confezione-di-a-b-t-m-d-o-p-25-anni-tovaglietta","status":"publish","type":"product","link":"https:\/\/www.acetaiavillabianca.com\/de\/negozio\/combo-%e2%80%a2-2-confezioni-di-a-b-t-m-tradizionale-di-modena-d-o-p-12-anni-1-confezione-di-a-b-t-m-d-o-p-25-anni-tovaglietta\/","title":{"rendered":"&#8220;Combo&#8220; \u2022 2 Flaschen T.B.E.M.  g.U. 12 Jahre alt + 1 Flasche T.B.E.M. g.U. 12 Jahre alt +Tischset"},"content":{"rendered":"<p><\/p>\n<p><img decoding=\"async\" src=\"http:\/\/www.acetaiavillabianca.com\/wp-content\/uploads\/2015\/11\/ima_prodotti_a-e3.jpg\" alt=\"COMBO\" \/><\/p>\n<p><strong>\u201cCOMBO\u201d<\/strong> \u2013 2 Flaschen Traditioneller Balsamico Essig aus Modena g.U. Extravecchio \u2014 mindestens 12 Jahre gereift &amp; 1 Flasche Traditioneller Balsamico Essig aus Modena g.U. Affinato \u2014 mindestens 25 Jahre gereift. Die 100ml Flasche wird in einem K\u00e4stchen zusammen mit einem Dosierer Kork und einem B\u00fcchlein welches die Geschichte der Firma, Rezepte und weitere Empfehlungen enth\u00e4lt, geliefert.<\/p>\n<p><b>Tischset<\/b> &#8211; <strong> 100% Baumwolle\u00a0 (52 x 38 cm.)<\/strong><\/p>\n<p><img loading=\"lazy\" decoding=\"async\" class=\"alignnone size-medium wp-image-5222\" src=\"https:\/\/www.acetaiavillabianca.com\/wp-content\/uploads\/2016\/11\/Def_Rosso5-980x703.jpg\" alt=\"def_rosso5\" width=\"980\" height=\"703\" srcset=\"https:\/\/www.acetaiavillabianca.com\/wp-content\/uploads\/2016\/11\/Def_Rosso5-980x703.jpg 980w, https:\/\/www.acetaiavillabianca.com\/wp-content\/uploads\/2016\/11\/Def_Rosso5-768x551.jpg 768w, https:\/\/www.acetaiavillabianca.com\/wp-content\/uploads\/2016\/11\/Def_Rosso5-1650x1184.jpg 1650w\" sizes=\"auto, (max-width: 980px) 100vw, 980px\" \/><\/p>\n<p><\/p>","protected":false},"excerpt":{"rendered":"<p><b>KOSTENLOSER VERSAND BIS ZUM 5. DEZEMBER!<\/b><\/p>\n","protected":false},"featured_media":5213,"template":"","meta":[],"product_brand":[],"product_cat":[99],"product_tag":[],"class_list":{"0":"post-5224","1":"product","2":"type-product","3":"status-publish","4":"has-post-thumbnail","6":"product_cat-offerte-natalize","7":"product_shipping_class-free","9":"first","10":"instock","11":"sale","12":"virtual","13":"taxable","14":"purchasable","15":"product-type-simple"},"_links":{"self":[{"href":"https:\/\/www.acetaiavillabianca.com\/de\/wp-json\/wp\/v2\/product\/5224","targetHints":{"allow":["GET"]}}],"collection":[{"href":"https:\/\/www.acetaiavillabianca.com\/de\/wp-json\/wp\/v2\/product"}],"about":[{"href":"https:\/\/www.acetaiavillabianca.com\/de\/wp-json\/wp\/v2\/types\/product"}],"wp:featuredmedia":[{"embeddable":true,"href":"https:\/\/www.acetaiavillabianca.com\/de\/wp-json\/wp\/v2\/media\/5213"}],"wp:attachment":[{"href":"https:\/\/www.acetaiavillabianca.com\/de\/wp-json\/wp\/v2\/media?parent=5224"}],"wp:term":[{"taxonomy":"product_brand","embeddable":true,"href":"https:\/\/www.acetaiavillabianca.com\/de\/wp-json\/wp\/v2\/product_brand?post=5224"},{"taxonomy":"product_cat","embeddable":true,"href":"https:\/\/www.acetaiavillabianca.com\/de\/wp-json\/wp\/v2\/product_cat?post=5224"},{"taxonomy":"product_tag","embeddable":true,"href":"https:\/\/www.acetaiavillabianca.com\/de\/wp-json\/wp\/v2\/product_tag?post=5224"}],"curies":[{"name":"wp","href":"https:\/\/api.w.org\/{rel}","templated":true}]}}