{"id":5150,"date":"2016-10-18T17:57:41","date_gmt":"2016-10-18T15:57:41","guid":{"rendered":"https:\/\/www.acetaiavillabianca.com\/negozio\/coppia-%e2%80%a2-2-confezioni-di-aceto-balsamico-tradizionale-di-modena-d-o-p-12-anni-copy\/"},"modified":"2023-11-15T09:30:52","modified_gmt":"2023-11-15T08:30:52","slug":"coppia-%e2%80%a2-2-confezioni-di-aceto-balsamico-tradizionale-di-modena-d-o-p-12-anni-copy","status":"publish","type":"product","link":"https:\/\/www.acetaiavillabianca.com\/de\/negozio\/coppia-%e2%80%a2-2-confezioni-di-aceto-balsamico-tradizionale-di-modena-d-o-p-12-anni-copy\/","title":{"rendered":"&#8220;Paar&#8220; \u2022 2 Flaschen Traditioneller Balsamico Essig aus Modena g.U. 12 Jahre alt"},"content":{"rendered":"<p><\/p>\n<p><img loading=\"lazy\" decoding=\"async\" class=\"alignnone size-full wp-image-5151\" src=\"https:\/\/www.acetaiavillabianca.com\/wp-content\/uploads\/2016\/10\/combo_descrizione_prodotto_v-v_930.jpg\" alt=\"combo_descrizione_prodotto_v-v_930\" width=\"930\" height=\"300\" srcset=\"https:\/\/www.acetaiavillabianca.com\/wp-content\/uploads\/2016\/10\/combo_descrizione_prodotto_v-v_930.jpg 930w, https:\/\/www.acetaiavillabianca.com\/wp-content\/uploads\/2016\/10\/combo_descrizione_prodotto_v-v_930-768x248.jpg 768w\" sizes=\"auto, (max-width: 930px) 100vw, 930px\" \/><\/p>\n<p><strong>\u201cPaar&#8220;<\/strong> \u2013 Zwei Flaschen Traditioneller Balsamico Essig aus Modena g.U. <em>Affinato<\/em> \u2014 mindestens 12 Jahre gereift. Die 100ml Flasche wird in einem K\u00e4stchen zusammen mit einem Dosierer Kork und einem B\u00fcchlein welches die Geschichte der Firma, Rezepte und weitere Empfehlungen enth\u00e4lt, geliefert.<\/p>\n<p><img decoding=\"async\" src=\"http:\/\/www.acetaiavillabianca.com\/wp-content\/uploads\/2015\/10\/ima_prodotti_ricette_12anni.jpg\" alt=\"\u201cTris&quot;\" \/><\/p>\n<p><\/p>","protected":false},"excerpt":{"rendered":"<p><b>KOSTENLOSER VERSAND BIS ZUM 5. DEZEMBER!<\/b><\/p>\n","protected":false},"featured_media":5152,"template":"","meta":[],"product_brand":[],"product_cat":[99],"product_tag":[],"class_list":{"0":"post-5150","1":"product","2":"type-product","3":"status-publish","4":"has-post-thumbnail","6":"product_cat-offerte-natalize","7":"product_shipping_class-free","9":"first","10":"instock","11":"virtual","12":"taxable","13":"purchasable","14":"product-type-simple"},"_links":{"self":[{"href":"https:\/\/www.acetaiavillabianca.com\/de\/wp-json\/wp\/v2\/product\/5150","targetHints":{"allow":["GET"]}}],"collection":[{"href":"https:\/\/www.acetaiavillabianca.com\/de\/wp-json\/wp\/v2\/product"}],"about":[{"href":"https:\/\/www.acetaiavillabianca.com\/de\/wp-json\/wp\/v2\/types\/product"}],"wp:featuredmedia":[{"embeddable":true,"href":"https:\/\/www.acetaiavillabianca.com\/de\/wp-json\/wp\/v2\/media\/5152"}],"wp:attachment":[{"href":"https:\/\/www.acetaiavillabianca.com\/de\/wp-json\/wp\/v2\/media?parent=5150"}],"wp:term":[{"taxonomy":"product_brand","embeddable":true,"href":"https:\/\/www.acetaiavillabianca.com\/de\/wp-json\/wp\/v2\/product_brand?post=5150"},{"taxonomy":"product_cat","embeddable":true,"href":"https:\/\/www.acetaiavillabianca.com\/de\/wp-json\/wp\/v2\/product_cat?post=5150"},{"taxonomy":"product_tag","embeddable":true,"href":"https:\/\/www.acetaiavillabianca.com\/de\/wp-json\/wp\/v2\/product_tag?post=5150"}],"curies":[{"name":"wp","href":"https:\/\/api.w.org\/{rel}","templated":true}]}}