{"id":2457,"date":"2014-11-17T13:21:06","date_gmt":"2014-11-17T12:21:06","guid":{"rendered":"http:\/\/www.acetaiavillabianca.com\/negozio\/aceto-balsamico-tradizionale-di-modena-d-o-p-25-anni-tovaglietta\/"},"modified":"2018-03-08T15:22:28","modified_gmt":"2018-03-08T14:22:28","slug":"aceto-balsamico-tradizionale-di-modena-d-o-p-25-anni-tovaglietta5","status":"publish","type":"product","link":"https:\/\/www.acetaiavillabianca.com\/de\/negozio\/aceto-balsamico-tradizionale-di-modena-d-o-p-25-anni-tovaglietta5\/","title":{"rendered":"Traditioneller Balsamico Essig aus Modena g.U. 25 Jahre alt + Tischset"},"content":{"rendered":"","protected":false},"excerpt":{"rendered":"<p><b>\u261b BIS ZUM 15 DEZEMBER!<\/b><br \/><\/br>Die 100ml Flasche (Extravecchio, mindestens 25 Jahre gereift) wird in einem K\u00e4stchen zusammen mit einem B\u00fcchlein welches die Geschichte der Firma, Rezepte und weitere Empfehlungen enth\u00e4lt, geliefert. <b>Bei jedem Einkauf ein Tischset als Geschenk!<\/b><\/p>\n","protected":false},"featured_media":2506,"template":"","meta":[],"product_brand":[],"product_cat":[62],"product_tag":[],"class_list":{"0":"post-2457","1":"product","2":"type-product","3":"status-publish","4":"has-post-thumbnail","6":"product_cat-traditional-balsamic-vinegar-of-modena","7":"product_shipping_class-regular","9":"first","10":"outofstock","11":"taxable","12":"shipping-taxable","13":"purchasable","14":"product-type-simple"},"_links":{"self":[{"href":"https:\/\/www.acetaiavillabianca.com\/de\/wp-json\/wp\/v2\/product\/2457","targetHints":{"allow":["GET"]}}],"collection":[{"href":"https:\/\/www.acetaiavillabianca.com\/de\/wp-json\/wp\/v2\/product"}],"about":[{"href":"https:\/\/www.acetaiavillabianca.com\/de\/wp-json\/wp\/v2\/types\/product"}],"wp:featuredmedia":[{"embeddable":true,"href":"https:\/\/www.acetaiavillabianca.com\/de\/wp-json\/wp\/v2\/media\/2506"}],"wp:attachment":[{"href":"https:\/\/www.acetaiavillabianca.com\/de\/wp-json\/wp\/v2\/media?parent=2457"}],"wp:term":[{"taxonomy":"product_brand","embeddable":true,"href":"https:\/\/www.acetaiavillabianca.com\/de\/wp-json\/wp\/v2\/product_brand?post=2457"},{"taxonomy":"product_cat","embeddable":true,"href":"https:\/\/www.acetaiavillabianca.com\/de\/wp-json\/wp\/v2\/product_cat?post=2457"},{"taxonomy":"product_tag","embeddable":true,"href":"https:\/\/www.acetaiavillabianca.com\/de\/wp-json\/wp\/v2\/product_tag?post=2457"}],"curies":[{"name":"wp","href":"https:\/\/api.w.org\/{rel}","templated":true}]}}