{"id":37,"date":"2013-02-20T17:58:31","date_gmt":"2013-02-20T16:58:31","guid":{"rendered":"http:\/\/www.acetaiavillabianca.com\/?page_id=37"},"modified":"2026-03-12T10:49:33","modified_gmt":"2026-03-12T09:49:33","slug":"visit","status":"publish","type":"page","link":"https:\/\/www.acetaiavillabianca.com\/de\/visit\/","title":{"rendered":"Ein Spaziergang"},"content":{"rendered":"<p><\/p>\n<p><strong>SEIEN SIE UNSER GAST<\/strong> Wir freuen uns Sie rund um das Jahr<br \/>herzlich willkommen zu hei\u00dfen! Besonders empfehlen wir Ihnen die Monate September und Oktober wegen der Farben und der Ger\u00fcche der Ernte, sowie die Zeit zwischen April und Juni wegen des milden Klimas, welches f\u00fcr Spazierg\u00e4nge im Park und Spiele im Freien f\u00fcr Kinder bestens geeignet ist.<\/p>\n<p><\/p>","protected":false},"excerpt":{"rendered":"<p>SEIEN SIE UNSER GAST Wir freuen uns Sie rund um das Jahrherzlich willkommen zu hei\u00dfen! Besonders empfehlen wir Ihnen die Monate September und Oktober wegen der Farben und der Ger\u00fcche der Ernte, sowie die Zeit zwischen April und Juni wegen des milden Klimas, welches f\u00fcr Spazierg\u00e4nge im Park und Spiele im Freien f\u00fcr Kinder bestens [&hellip;]<\/p>\n","protected":false},"author":2,"featured_media":0,"parent":0,"menu_order":0,"comment_status":"closed","ping_status":"closed","template":"page-acetaia.php","meta":{"footnotes":""},"class_list":["post-37","page","type-page","status-publish","hentry"],"_links":{"self":[{"href":"https:\/\/www.acetaiavillabianca.com\/de\/wp-json\/wp\/v2\/pages\/37","targetHints":{"allow":["GET"]}}],"collection":[{"href":"https:\/\/www.acetaiavillabianca.com\/de\/wp-json\/wp\/v2\/pages"}],"about":[{"href":"https:\/\/www.acetaiavillabianca.com\/de\/wp-json\/wp\/v2\/types\/page"}],"author":[{"embeddable":true,"href":"https:\/\/www.acetaiavillabianca.com\/de\/wp-json\/wp\/v2\/users\/2"}],"replies":[{"embeddable":true,"href":"https:\/\/www.acetaiavillabianca.com\/de\/wp-json\/wp\/v2\/comments?post=37"}],"version-history":[{"count":55,"href":"https:\/\/www.acetaiavillabianca.com\/de\/wp-json\/wp\/v2\/pages\/37\/revisions"}],"predecessor-version":[{"id":6713,"href":"https:\/\/www.acetaiavillabianca.com\/de\/wp-json\/wp\/v2\/pages\/37\/revisions\/6713"}],"wp:attachment":[{"href":"https:\/\/www.acetaiavillabianca.com\/de\/wp-json\/wp\/v2\/media?parent=37"}],"curies":[{"name":"wp","href":"https:\/\/api.w.org\/{rel}","templated":true}]}}