{"id":35,"date":"2013-02-20T17:55:20","date_gmt":"2013-02-20T16:55:20","guid":{"rendered":"http:\/\/www.acetaiavillabianca.com\/?page_id=35"},"modified":"2019-12-28T22:48:24","modified_gmt":"2019-12-28T21:48:24","slug":"aceto-balsamico-tradizionale-di-modena-dop","status":"publish","type":"page","link":"https:\/\/www.acetaiavillabianca.com\/de\/aceto-balsamico-tradizionale-di-modena-dop\/","title":{"rendered":"Traditioneller Balsamico Essig aus Modena"},"content":{"rendered":"<p><\/p>\n<p>Die antike Essigkellerei Villa Bianca produziert nur traditionellen Balsamessig aus Modena mit dem Siegel D.O.P. Es gibt zwei Typen der Alterung 12 Jahre und 25 Jahre (Extravecchio).\u00a0Die Flasche und das Heft mit der Geschichte, Rezepten und Ratschl\u00e4gen sind in einer eleganten Konfektion enthalten. Die Flasche wurde von Giugiaro Design entworfen.\u00a0Die gesamte Verarbeitung &#8211; der Trauben erfolgt innerhalb der Kellerei.\u00a0Diese Trauben kommen aus den Reben der Villa Bianca und sind von einer Disziplinarkommission anerkannt Die Traubensorten sind:\u00a0Trebbiano Modenese, Trebbiano di Spagna, Sauvignon, Lambrusco Salamino und Graspa Rossa.<\/p>\n<div id=\"attachment_1176\" style=\"width: 990px\" class=\"wp-caption alignnone\"><img loading=\"lazy\" decoding=\"async\" aria-describedby=\"caption-attachment-1176\" class=\"wp-image-1176 size-full\" src=\"http:\/\/www.acetaiavillabianca.com\/wp-content\/uploads\/2013\/02\/acetaiavillabianca_areaazienda.jpg\" alt=\"Luftansicht: die Reben und die dei Kellereien.\" width=\"980\" height=\"660\" \/><p id=\"caption-attachment-1176\" class=\"wp-caption-text\">Luftansicht: die Reben und die dei Kellereien.<\/p><\/div>\n<p style=\"text-align: left\"><strong>Methode der Verarbeitung\u00a0\u2014<\/strong>\u00a0Der traditionelle Balsamessig aus Modena D.O.P.ist eine einzigartige Erscheinung in der Welt.\u00a0Im Unterschied zum Essig, den man von einer alkoholhaltigen F\u00fcssigkeit erh\u00e4lt, stammt er direkt vom Traubensaft ab.\u00a0Der Most der typischen Reben, die seit Jahrhunderten im Herkunftsgebiet augepflanzt werden, wird in einen offenen Gefaess direkt auf offenem Feuer gekocht, dann in F\u00e4sser\u00a0aus edlen Holzsorten gef\u00fcllt, wo die Alterung und das G\u00e4hrungsverfahren auf nat\u00fcrliche Basis erfolgt.\u00a0Im der Stille der Eissigkellereien und mit besonderer Technik der Umf\u00fcllungen erreicht er in langen Jahren der Verfeinerung und Alterung ein \u00fcberraschendes Gleichgewicht aromatischer und geschmacklicher Vielfalt.<\/p>\n<div id=\"attachment_613\" style=\"width: 990px\" class=\"wp-caption alignnone\"><img loading=\"lazy\" decoding=\"async\" aria-describedby=\"caption-attachment-613\" class=\"wp-image-613 size-full\" src=\"http:\/\/www.acetaiavillabianca.com\/wp-content\/uploads\/2013\/02\/acetaiavillabianca_botti.jpg\" alt=\"F\u00e4sser in der Kellerei\" width=\"980\" height=\"653\" \/><p id=\"caption-attachment-613\" class=\"wp-caption-text\">F\u00e4sser in der Kellerei<\/p><\/div>\n<h3 style=\"text-align: center\">Die Reben und die Ernte<\/h3>\n<p>Die gesamte Verarbeitung des gekochten Traubenmost erh\u00e4lt\u00a0man aus den Reben von Villa Bianca.\u00a0Die Ernte ist ein wichtiger Moment.\u00a0Die reifen Trauben sind s\u00fcss und geben dem Most einen besonderen Duft<\/p>\n<div id=\"attachment_232\" style=\"width: 990px\" class=\"wp-caption alignnone\"><a href=\"http:\/\/www.acetaiavillabianca.com\/wp-content\/uploads\/2013\/02\/vigna04.jpg\"><img loading=\"lazy\" decoding=\"async\" aria-describedby=\"caption-attachment-232\" class=\"wp-image-232 size-medium\" src=\"http:\/\/www.acetaiavillabianca.com\/wp-content\/uploads\/2013\/02\/vigna04-980x735.jpg\" alt=\"Micia\" width=\"980\" height=\"735\" srcset=\"https:\/\/www.acetaiavillabianca.com\/wp-content\/uploads\/2013\/02\/vigna04-980x735.jpg 980w, https:\/\/www.acetaiavillabianca.com\/wp-content\/uploads\/2013\/02\/vigna04-1650x1237.jpg 1650w\" sizes=\"auto, (max-width: 980px) 100vw, 980px\" \/><\/a><p id=\"caption-attachment-232\" class=\"wp-caption-text\">Micia<\/p><\/div>\n<p><strong>Die Pressung und das Kochen<\/strong>\u00a0\u2014 Nach der Ernte werden die Trauben gepresst und gekocht. Der Most wird im Kessel auf direkter Flamme gekocht. Die Kochzeit beeinflusst sehr das Produkt und die Konzentration von Zucker bestimmt eine gewisse Dicke. So werden werschiedene Kochprozesse entwickelt aus denen zwei Arten entstehen 12 und 25 Jahne alter Balsamessig. W\u00e4hrend des Kochens \u00a0vom \u00a0Most der hellen Trauben entwickelt sich eine hellbraune Farbe, die die Basis des traditionellen Balsamessig ist.<\/p>\n<div id=\"attachment_758\" style=\"width: 990px\" class=\"wp-caption aligncenter\"><a href=\"http:\/\/www.acetaiavillabianca.com\/wp-content\/uploads\/2013\/02\/acetaiavillabianca_uva.jpg\"><img loading=\"lazy\" decoding=\"async\" aria-describedby=\"caption-attachment-758\" class=\"cerchio  wp-image-758 size-medium\" src=\"http:\/\/www.acetaiavillabianca.com\/wp-content\/uploads\/2013\/02\/acetaiavillabianca_uva-980x980.jpg\" alt=\"Trebbiano\" width=\"980\" height=\"980\" srcset=\"https:\/\/www.acetaiavillabianca.com\/wp-content\/uploads\/2013\/02\/acetaiavillabianca_uva.jpg 980w, https:\/\/www.acetaiavillabianca.com\/wp-content\/uploads\/2013\/02\/acetaiavillabianca_uva-480x480.jpg 480w\" sizes=\"auto, (max-width: 980px) 100vw, 980px\" \/><\/a><p id=\"caption-attachment-758\" class=\"wp-caption-text\">Trebbiano<\/p><\/div>\n<p><strong>Abf\u00fcllung und Umf\u00fcllung<\/strong>\u00a0\u2014\u00a0Der Most, der im Winter gelagert ist, wird im Fr\u00fchjahr umgef\u00fcllt.\u00a0Die Umf\u00fcllung wird jedes Jahr vorgenommen und auf alle F\u00e4sser verteilt. Man beginnt vom letzten Fass.\u00a0Es ist das kleinste, wo das Produkt ganz konzentriert ist.\u00a0So gewinnt man den traditionellen Balsamessig 12 Jahre alt oder 25 Jahre alt.\u00a0Der Umf\u00fcllprozess von einem Fass ins andere verlangt viel Erfahrung und Fingerspitzengef\u00fchl.<\/p>\n<div id=\"attachment_1178\" style=\"width: 990px\" class=\"wp-caption alignnone\"><img loading=\"lazy\" decoding=\"async\" aria-describedby=\"caption-attachment-1178\" class=\"wp-image-1178 size-full\" src=\"http:\/\/www.acetaiavillabianca.com\/wp-content\/uploads\/2013\/02\/acetaiavillabianca_rincalzitravasi.jpg\" alt=\"Abf\u00fcllung und Umf\u00fcllung\" width=\"980\" height=\"380\" \/><p id=\"caption-attachment-1178\" class=\"wp-caption-text\">Abf\u00fcllung und Umf\u00fcllung<\/p><\/div>\n<p><strong>Der Schutz des Produktes\u00a0<\/strong>\u2014 Bevor der traditionelle Balsamessig aus Modena abgef\u00fbllt wird,\u00a0wird er streng esaminiert von einer unabhaengigen Komission, die anonyme Proben macht. Die Flasche (Konfektion) ist von Giugiaro Design entworfen.\u00a0Jede Flasche hat einen Siegel und eine Garantienummer und eine Etikette vom Konsortium.\u00a0Zwei Typen: helle Farbe 12 Jahre\u00a0dunkle Farbe 25 Jahre.<\/p>\n<div id=\"attachment_603\" style=\"width: 990px\" class=\"wp-caption aligncenter\"><a href=\"http:\/\/www.acetaiavillabianca.com\/wp-content\/uploads\/2013\/02\/acetaiavillabianca_abtm12-25.jpg\"><img loading=\"lazy\" decoding=\"async\" aria-describedby=\"caption-attachment-603\" class=\"cerchio  wp-image-603 size-medium\" src=\"http:\/\/www.acetaiavillabianca.com\/wp-content\/uploads\/2013\/02\/acetaiavillabianca_abtm12-25-980x980.jpg\" alt=\"Zwei Typen: 12 Jahre und 25 Jahre.\" width=\"980\" height=\"980\" srcset=\"https:\/\/www.acetaiavillabianca.com\/wp-content\/uploads\/2013\/02\/acetaiavillabianca_abtm12-25.jpg 980w, https:\/\/www.acetaiavillabianca.com\/wp-content\/uploads\/2013\/02\/acetaiavillabianca_abtm12-25-480x480.jpg 480w\" sizes=\"auto, (max-width: 980px) 100vw, 980px\" \/><\/a><p id=\"caption-attachment-603\" class=\"wp-caption-text\">Zwei Typen: 12 Jahre und 25 Jahre.<\/p><\/div>\n<p><strong>Die &#8222;Acetaie&#8220;\u00a0der Villa<\/strong>\u00a0\u2013 Den gesamten Produktionszyklus erfolgt in drei verschiedenen Umgebungen. Der erste ist mit der W\u00fcrzekochung und K\u00fchlen und Dekantieren gewidmet. Die zweite, um die erste Phase der Versauerung, der letzten, auf dem Dachboden der Villa, Reifung und Alterung. Um einen kleinen Beitrag zur Verringerung der Emissionen von Kohlendioxid Villa Bianca bieten hat eine 9 kWp Photovoltaik-Anlage.<\/p>\n<div id=\"attachment_292\" style=\"width: 990px\" class=\"wp-caption alignnone\"><a href=\"http:\/\/www.acetaiavillabianca.com\/wp-content\/uploads\/2013\/02\/acetaiavillabianca_fotovoltaico.jpg\"><img loading=\"lazy\" decoding=\"async\" aria-describedby=\"caption-attachment-292\" class=\"  wp-image-292\" src=\"http:\/\/www.acetaiavillabianca.com\/wp-content\/uploads\/2013\/02\/acetaiavillabianca_fotovoltaico.jpg\" alt=\"Anlage Fotovoltaico auf dem Dach der Kellereien\" width=\"980\" height=\"735\" \/><\/a><p id=\"caption-attachment-292\" class=\"wp-caption-text\">Anlage Fotovoltaico auf dem Dach der Kellereien<\/p><\/div>\n<p><strong>Verkauf<\/strong>\u00a0\u2014 Man kaum die versiegelte Verpackung mit Garantie D.O.P. per online kaufen.\u00a0traditioneller Balsamessig\u00a012 Jahre alt \u20ac 49.00 \/\u00a025 Jahre alt \u20ac 89.00.\u00a0F\u00fcr Gruppen, die mehr als zehn Konfektionen kaufen gibt es eine Reduzierung<br \/>F\u00fcr Weiterveikauf koennen sie telefonisch mit uns in Verbindung treten 0039 059 468571<\/p>\n<p>&nbsp;<\/p>\n<p>\/\/ <\/p>","protected":false},"excerpt":{"rendered":"<p>Die antike Essigkellerei Villa Bianca produziert nur traditionellen Balsamessig aus Modena mit dem Siegel D.O.P. Es gibt zwei Typen der Alterung 12 Jahre und 25 Jahre (Extravecchio).\u00a0Die Flasche und das Heft mit der Geschichte, Rezepten und Ratschl\u00e4gen sind in einer eleganten Konfektion enthalten. Die Flasche wurde von Giugiaro Design entworfen.\u00a0Die gesamte Verarbeitung &#8211; der Trauben [&hellip;]<\/p>\n","protected":false},"author":2,"featured_media":0,"parent":0,"menu_order":0,"comment_status":"open","ping_status":"closed","template":"page-acetaia.php","meta":{"footnotes":""},"class_list":["post-35","page","type-page","status-publish","hentry"],"_links":{"self":[{"href":"https:\/\/www.acetaiavillabianca.com\/de\/wp-json\/wp\/v2\/pages\/35","targetHints":{"allow":["GET"]}}],"collection":[{"href":"https:\/\/www.acetaiavillabianca.com\/de\/wp-json\/wp\/v2\/pages"}],"about":[{"href":"https:\/\/www.acetaiavillabianca.com\/de\/wp-json\/wp\/v2\/types\/page"}],"author":[{"embeddable":true,"href":"https:\/\/www.acetaiavillabianca.com\/de\/wp-json\/wp\/v2\/users\/2"}],"replies":[{"embeddable":true,"href":"https:\/\/www.acetaiavillabianca.com\/de\/wp-json\/wp\/v2\/comments?post=35"}],"version-history":[{"count":22,"href":"https:\/\/www.acetaiavillabianca.com\/de\/wp-json\/wp\/v2\/pages\/35\/revisions"}],"predecessor-version":[{"id":6176,"href":"https:\/\/www.acetaiavillabianca.com\/de\/wp-json\/wp\/v2\/pages\/35\/revisions\/6176"}],"wp:attachment":[{"href":"https:\/\/www.acetaiavillabianca.com\/de\/wp-json\/wp\/v2\/media?parent=35"}],"curies":[{"name":"wp","href":"https:\/\/api.w.org\/{rel}","templated":true}]}}